
{"id":3853,"date":"2026-01-22T17:38:51","date_gmt":"2026-01-22T16:38:51","guid":{"rendered":"https:\/\/www.villaeva-oliveoil.com\/shop\/fuer-kinder\/"},"modified":"2026-01-22T17:38:51","modified_gmt":"2026-01-22T16:38:51","slug":"fuer-kinder","status":"publish","type":"product","link":"https:\/\/www.villaeva-oliveoil.com\/de\/shop\/fuer-kinder\/","title":{"rendered":"F\u00fcr Kinder"},"content":{"rendered":"<p>F\u00f6rdern Sie das Wachstum und Wohlbefinden Ihres Kindes mit Oliven\u00f6l. Es unterst\u00fctzt die Gehirnentwicklung, die Herzgesundheit und starke Knochen. Achten Sie auf Qualit\u00e4t und w\u00e4hlen Sie daher ein hochwertiges Bio-Oliven\u00f6l f\u00fcr die Ern\u00e4hrung Ihres Kindes.<\/p>\n","protected":false},"excerpt":{"rendered":"<p>F\u00f6rdern Sie das Wachstum und Wohlbefinden Ihres Kindes mit Oliven\u00f6l. Es unterst\u00fctzt die Gehirnentwicklung, die Herzgesundheit und starke Knochen. Achten Sie auf Qualit\u00e4t und w\u00e4hlen Sie daher ein hochwertiges Bio-Oliven\u00f6l [&hellip;]<\/p>\n","protected":false},"featured_media":3746,"template":"","meta":{"_monsterinsights_skip_tracking":false,"_monsterinsights_sitenote_active":false,"_monsterinsights_sitenote_note":"","_monsterinsights_sitenote_category":0,"_price":"20","_stock":"","_tribe_ticket_header":"","_tribe_default_ticket_provider":"","_ticket_start_date":"","_ticket_end_date":"","_tribe_ticket_show_description":"","_tribe_ticket_show_not_going":false,"_tribe_ticket_use_global_stock":"","_tribe_ticket_global_stock_level":"","_global_stock_mode":"","_global_stock_cap":"","_tribe_rsvp_for_event":"","_tribe_ticket_going_count":"","_tribe_ticket_not_going_count":"","_tribe_tickets_list":"[]","_tribe_ticket_has_attendee_info_fields":false},"product_brand":[],"product_cat":[583,582,584,585],"product_tag":[595,626,624,623,586,596,589,588,625,594,597,592,591,598,593,590,587],"class_list":{"0":"post-3853","1":"product","2":"type-product","3":"status-publish","4":"has-post-thumbnail","6":"product_cat-hohe-qualitat","7":"product_cat-natives-olivenol-extra","8":"product_cat-originalgeschmack","9":"product_cat-uncategorized-de","10":"product_tag-bratasevec-de","11":"product_tag-einheimische-varietat","12":"product_tag-erste-kaltpressung","13":"product_tag-extra-jungfraulich","14":"product_tag-extra-vergine","15":"product_tag-family-de","16":"product_tag-gold-de","17":"product_tag-green-de","18":"product_tag-kaltgepresst","19":"product_tag-kozana-de","20":"product_tag-okologisches-olivenol","21":"product_tag-olive-de","22":"product_tag-olivenol","23":"product_tag-oljcno-olje-de","24":"product_tag-product-de","25":"product_tag-villa-eva-de","26":"product_tag-villa-eva-olive-oil-de","28":"first","29":"instock","30":"shipping-taxable","31":"purchasable","32":"product-type-variable"},"yoast_head":"<!-- This site is optimized with the Yoast SEO plugin v26.9 - https:\/\/yoast.com\/product\/yoast-seo-wordpress\/ -->\n<title>F\u00fcr Kinder - Extra Virgin Organic Olive Oil<\/title>\n<meta name=\"robots\" content=\"index, follow, max-snippet:-1, max-image-preview:large, max-video-preview:-1\" \/>\n<link rel=\"canonical\" href=\"https:\/\/www.villaeva-oliveoil.com\/de\/shop\/fuer-kinder\/\" \/>\n<meta property=\"og:locale\" content=\"de_DE\" \/>\n<meta property=\"og:type\" content=\"article\" \/>\n<meta property=\"og:title\" content=\"F\u00fcr Kinder - Extra Virgin Organic Olive Oil\" \/>\n<meta property=\"og:description\" content=\"F\u00f6rdern Sie das Wachstum und Wohlbefinden Ihres Kindes mit Oliven\u00f6l. Es unterst\u00fctzt die Gehirnentwicklung, die Herzgesundheit und starke Knochen. Achten Sie auf Qualit\u00e4t und w\u00e4hlen Sie daher ein hochwertiges Bio-Oliven\u00f6l [&hellip;]\" \/>\n<meta property=\"og:url\" content=\"https:\/\/www.villaeva-oliveoil.com\/de\/shop\/fuer-kinder\/\" \/>\n<meta property=\"og:site_name\" content=\"Extra Virgin Organic Olive Oil\" \/>\n<meta property=\"og:image\" content=\"https:\/\/www.villaeva-oliveoil.com\/wp-content\/uploads\/2025\/12\/Villa_EVA_Organic_Extra_Virgin_Olive_Oil_For_Kids-1.jpg\" \/>\n\t<meta property=\"og:image:width\" content=\"1200\" \/>\n\t<meta property=\"og:image:height\" content=\"1200\" \/>\n\t<meta property=\"og:image:type\" content=\"image\/jpeg\" \/>\n<meta name=\"twitter:card\" content=\"summary_large_image\" \/>\n<script type=\"application\/ld+json\" class=\"yoast-schema-graph\">{\"@context\":\"https:\/\/schema.org\",\"@graph\":[{\"@type\":\"WebPage\",\"@id\":\"https:\/\/www.villaeva-oliveoil.com\/de\/shop\/fuer-kinder\/\",\"url\":\"https:\/\/www.villaeva-oliveoil.com\/de\/shop\/fuer-kinder\/\",\"name\":\"F\u00fcr Kinder - Extra Virgin Organic Olive Oil\",\"isPartOf\":{\"@id\":\"https:\/\/www.villaeva-oliveoil.com\/de\/#website\"},\"primaryImageOfPage\":{\"@id\":\"https:\/\/www.villaeva-oliveoil.com\/de\/shop\/fuer-kinder\/#primaryimage\"},\"image\":{\"@id\":\"https:\/\/www.villaeva-oliveoil.com\/de\/shop\/fuer-kinder\/#primaryimage\"},\"thumbnailUrl\":\"https:\/\/www.villaeva-oliveoil.com\/wp-content\/uploads\/2025\/12\/Villa_EVA_Organic_Extra_Virgin_Olive_Oil_For_Kids-1.jpg\",\"datePublished\":\"2026-01-22T16:38:51+00:00\",\"breadcrumb\":{\"@id\":\"https:\/\/www.villaeva-oliveoil.com\/de\/shop\/fuer-kinder\/#breadcrumb\"},\"inLanguage\":\"de\",\"potentialAction\":[{\"@type\":\"ReadAction\",\"target\":[\"https:\/\/www.villaeva-oliveoil.com\/de\/shop\/fuer-kinder\/\"]}]},{\"@type\":\"ImageObject\",\"inLanguage\":\"de\",\"@id\":\"https:\/\/www.villaeva-oliveoil.com\/de\/shop\/fuer-kinder\/#primaryimage\",\"url\":\"https:\/\/www.villaeva-oliveoil.com\/wp-content\/uploads\/2025\/12\/Villa_EVA_Organic_Extra_Virgin_Olive_Oil_For_Kids-1.jpg\",\"contentUrl\":\"https:\/\/www.villaeva-oliveoil.com\/wp-content\/uploads\/2025\/12\/Villa_EVA_Organic_Extra_Virgin_Olive_Oil_For_Kids-1.jpg\",\"width\":1200,\"height\":1200},{\"@type\":\"BreadcrumbList\",\"@id\":\"https:\/\/www.villaeva-oliveoil.com\/de\/shop\/fuer-kinder\/#breadcrumb\",\"itemListElement\":[{\"@type\":\"ListItem\",\"position\":1,\"name\":\"Home\",\"item\":\"https:\/\/www.villaeva-oliveoil.com\/de\/\"},{\"@type\":\"ListItem\",\"position\":2,\"name\":\"Shop\",\"item\":\"https:\/\/www.villaeva-oliveoil.com\/shop\/\"},{\"@type\":\"ListItem\",\"position\":3,\"name\":\"F\u00fcr Kinder\"}]},{\"@type\":\"WebSite\",\"@id\":\"https:\/\/www.villaeva-oliveoil.com\/de\/#website\",\"url\":\"https:\/\/www.villaeva-oliveoil.com\/de\/\",\"name\":\"Extra Virgin Organic Olive Oil\",\"description\":\"We produce a high quality extra virgin organic olive oils.\",\"potentialAction\":[{\"@type\":\"SearchAction\",\"target\":{\"@type\":\"EntryPoint\",\"urlTemplate\":\"https:\/\/www.villaeva-oliveoil.com\/de\/?s={search_term_string}\"},\"query-input\":{\"@type\":\"PropertyValueSpecification\",\"valueRequired\":true,\"valueName\":\"search_term_string\"}}],\"inLanguage\":\"de\"}]}<\/script>\n<!-- \/ Yoast SEO plugin. -->","yoast_head_json":{"title":"F\u00fcr Kinder - Extra Virgin Organic Olive Oil","robots":{"index":"index","follow":"follow","max-snippet":"max-snippet:-1","max-image-preview":"max-image-preview:large","max-video-preview":"max-video-preview:-1"},"canonical":"https:\/\/www.villaeva-oliveoil.com\/de\/shop\/fuer-kinder\/","og_locale":"de_DE","og_type":"article","og_title":"F\u00fcr Kinder - Extra Virgin Organic Olive Oil","og_description":"F\u00f6rdern Sie das Wachstum und Wohlbefinden Ihres Kindes mit Oliven\u00f6l. Es unterst\u00fctzt die Gehirnentwicklung, die Herzgesundheit und starke Knochen. Achten Sie auf Qualit\u00e4t und w\u00e4hlen Sie daher ein hochwertiges Bio-Oliven\u00f6l [&hellip;]","og_url":"https:\/\/www.villaeva-oliveoil.com\/de\/shop\/fuer-kinder\/","og_site_name":"Extra Virgin Organic Olive Oil","og_image":[{"width":1200,"height":1200,"url":"https:\/\/www.villaeva-oliveoil.com\/wp-content\/uploads\/2025\/12\/Villa_EVA_Organic_Extra_Virgin_Olive_Oil_For_Kids-1.jpg","type":"image\/jpeg"}],"twitter_card":"summary_large_image","schema":{"@context":"https:\/\/schema.org","@graph":[{"@type":"WebPage","@id":"https:\/\/www.villaeva-oliveoil.com\/de\/shop\/fuer-kinder\/","url":"https:\/\/www.villaeva-oliveoil.com\/de\/shop\/fuer-kinder\/","name":"F\u00fcr Kinder - Extra Virgin Organic Olive Oil","isPartOf":{"@id":"https:\/\/www.villaeva-oliveoil.com\/de\/#website"},"primaryImageOfPage":{"@id":"https:\/\/www.villaeva-oliveoil.com\/de\/shop\/fuer-kinder\/#primaryimage"},"image":{"@id":"https:\/\/www.villaeva-oliveoil.com\/de\/shop\/fuer-kinder\/#primaryimage"},"thumbnailUrl":"https:\/\/www.villaeva-oliveoil.com\/wp-content\/uploads\/2025\/12\/Villa_EVA_Organic_Extra_Virgin_Olive_Oil_For_Kids-1.jpg","datePublished":"2026-01-22T16:38:51+00:00","breadcrumb":{"@id":"https:\/\/www.villaeva-oliveoil.com\/de\/shop\/fuer-kinder\/#breadcrumb"},"inLanguage":"de","potentialAction":[{"@type":"ReadAction","target":["https:\/\/www.villaeva-oliveoil.com\/de\/shop\/fuer-kinder\/"]}]},{"@type":"ImageObject","inLanguage":"de","@id":"https:\/\/www.villaeva-oliveoil.com\/de\/shop\/fuer-kinder\/#primaryimage","url":"https:\/\/www.villaeva-oliveoil.com\/wp-content\/uploads\/2025\/12\/Villa_EVA_Organic_Extra_Virgin_Olive_Oil_For_Kids-1.jpg","contentUrl":"https:\/\/www.villaeva-oliveoil.com\/wp-content\/uploads\/2025\/12\/Villa_EVA_Organic_Extra_Virgin_Olive_Oil_For_Kids-1.jpg","width":1200,"height":1200},{"@type":"BreadcrumbList","@id":"https:\/\/www.villaeva-oliveoil.com\/de\/shop\/fuer-kinder\/#breadcrumb","itemListElement":[{"@type":"ListItem","position":1,"name":"Home","item":"https:\/\/www.villaeva-oliveoil.com\/de\/"},{"@type":"ListItem","position":2,"name":"Shop","item":"https:\/\/www.villaeva-oliveoil.com\/shop\/"},{"@type":"ListItem","position":3,"name":"F\u00fcr Kinder"}]},{"@type":"WebSite","@id":"https:\/\/www.villaeva-oliveoil.com\/de\/#website","url":"https:\/\/www.villaeva-oliveoil.com\/de\/","name":"Extra Virgin Organic Olive Oil","description":"We produce a high quality extra virgin organic olive oils.","potentialAction":[{"@type":"SearchAction","target":{"@type":"EntryPoint","urlTemplate":"https:\/\/www.villaeva-oliveoil.com\/de\/?s={search_term_string}"},"query-input":{"@type":"PropertyValueSpecification","valueRequired":true,"valueName":"search_term_string"}}],"inLanguage":"de"}]}},"_links":{"self":[{"href":"https:\/\/www.villaeva-oliveoil.com\/de\/wp-json\/wp\/v2\/product\/3853","targetHints":{"allow":["GET"]}}],"collection":[{"href":"https:\/\/www.villaeva-oliveoil.com\/de\/wp-json\/wp\/v2\/product"}],"about":[{"href":"https:\/\/www.villaeva-oliveoil.com\/de\/wp-json\/wp\/v2\/types\/product"}],"wp:featuredmedia":[{"embeddable":true,"href":"https:\/\/www.villaeva-oliveoil.com\/de\/wp-json\/wp\/v2\/media\/3746"}],"wp:attachment":[{"href":"https:\/\/www.villaeva-oliveoil.com\/de\/wp-json\/wp\/v2\/media?parent=3853"}],"wp:term":[{"taxonomy":"product_brand","embeddable":true,"href":"https:\/\/www.villaeva-oliveoil.com\/de\/wp-json\/wp\/v2\/product_brand?post=3853"},{"taxonomy":"product_cat","embeddable":true,"href":"https:\/\/www.villaeva-oliveoil.com\/de\/wp-json\/wp\/v2\/product_cat?post=3853"},{"taxonomy":"product_tag","embeddable":true,"href":"https:\/\/www.villaeva-oliveoil.com\/de\/wp-json\/wp\/v2\/product_tag?post=3853"}],"curies":[{"name":"wp","href":"https:\/\/api.w.org\/{rel}","templated":true}]}}