
{"id":3868,"date":"2026-01-29T15:30:00","date_gmt":"2026-01-29T14:30:00","guid":{"rendered":"https:\/\/www.villaeva-oliveoil.com\/?post_type=product&#038;p=3868"},"modified":"2026-01-29T15:42:11","modified_gmt":"2026-01-29T14:42:11","slug":"3868","status":"publish","type":"product","link":"https:\/\/www.villaeva-oliveoil.com\/de\/shop\/3868\/","title":{"rendered":"Belica"},"content":{"rendered":"<p><strong>Istrska Belica<\/strong> ist eine intensiv pikante Olivensorte, gesch\u00e4tzt f\u00fcr ihre lebhaften Noten von Artischocke, Eukalyptus, Zitruszeste und frisch geschnittenem Gras.<br \/>\nIhr ausgepr\u00e4gt pfeffriger Abgang z\u00e4hlt Belica zu den weltweit besten pikanten und aromatischen Oliven\u00f6len. Hervorragend zu Grillfleisch, aber ebenso beeindruckend in kreativeren Kombinationen \u2013 sie harmoniert wunderbar mit Desserts wie Zitronensorbet oder der derzeit sehr beliebten Dubai\u2011Schokolade.<\/p>\n","protected":false},"excerpt":{"rendered":"<p>Istrska Belica ist eine intensiv pikante Olivensorte, gesch\u00e4tzt f\u00fcr ihre lebhaften Noten von Artischocke, Eukalyptus, Zitruszeste und frisch geschnittenem Gras. Ihr ausgepr\u00e4gt pfeffriger Abgang z\u00e4hlt Belica zu den weltweit besten [&hellip;]<\/p>\n","protected":false},"featured_media":2742,"template":"","meta":{"_monsterinsights_skip_tracking":false,"_monsterinsights_sitenote_active":false,"_monsterinsights_sitenote_note":"","_monsterinsights_sitenote_category":0,"_price":"20","_stock":"","_tribe_ticket_header":"","_tribe_default_ticket_provider":"","_ticket_start_date":"","_ticket_end_date":"","_tribe_ticket_show_description":"","_tribe_ticket_show_not_going":false,"_tribe_ticket_use_global_stock":"","_tribe_ticket_global_stock_level":"","_global_stock_mode":"","_global_stock_cap":"","_tribe_rsvp_for_event":"","_tribe_ticket_going_count":"","_tribe_ticket_not_going_count":"","_tribe_tickets_list":"[]","_tribe_ticket_has_attendee_info_fields":false},"product_brand":[],"product_cat":[583,584],"product_tag":[600,599],"class_list":{"0":"post-3868","1":"product","2":"type-product","3":"status-publish","4":"has-post-thumbnail","6":"product_cat-hohe-qualitat","7":"product_cat-originalgeschmack","8":"product_tag-goriska-brda-de","9":"product_tag-kalt-extrakt","11":"first","12":"instock","13":"shipping-taxable","14":"purchasable","15":"product-type-variable"},"yoast_head":"<!-- This site is optimized with the Yoast SEO plugin v26.9 - https:\/\/yoast.com\/product\/yoast-seo-wordpress\/ -->\n<title>Belica - Extra Virgin Organic Olive Oil<\/title>\n<meta name=\"robots\" content=\"index, follow, max-snippet:-1, max-image-preview:large, max-video-preview:-1\" \/>\n<link rel=\"canonical\" href=\"https:\/\/www.villaeva-oliveoil.com\/de\/shop\/3868\/\" \/>\n<meta property=\"og:locale\" content=\"de_DE\" \/>\n<meta property=\"og:type\" content=\"article\" \/>\n<meta property=\"og:title\" content=\"Belica - Extra Virgin Organic Olive Oil\" \/>\n<meta property=\"og:description\" content=\"Istrska Belica ist eine intensiv pikante Olivensorte, gesch\u00e4tzt f\u00fcr ihre lebhaften Noten von Artischocke, Eukalyptus, Zitruszeste und frisch geschnittenem Gras. Ihr ausgepr\u00e4gt pfeffriger Abgang z\u00e4hlt Belica zu den weltweit besten [&hellip;]\" \/>\n<meta property=\"og:url\" content=\"https:\/\/www.villaeva-oliveoil.com\/de\/shop\/3868\/\" \/>\n<meta property=\"og:site_name\" content=\"Extra Virgin Organic Olive Oil\" \/>\n<meta property=\"article:modified_time\" content=\"2026-01-29T14:42:11+00:00\" \/>\n<meta property=\"og:image\" content=\"https:\/\/www.villaeva-oliveoil.com\/wp-content\/uploads\/2024\/02\/2-1024x1024.png\" \/>\n\t<meta property=\"og:image:width\" content=\"1024\" \/>\n\t<meta property=\"og:image:height\" content=\"1024\" \/>\n\t<meta property=\"og:image:type\" content=\"image\/png\" \/>\n<meta name=\"twitter:card\" content=\"summary_large_image\" \/>\n<meta name=\"twitter:label1\" content=\"Gesch\u00e4tzte Lesezeit\" \/>\n\t<meta name=\"twitter:data1\" content=\"1\u00a0Minute\" \/>\n<script type=\"application\/ld+json\" class=\"yoast-schema-graph\">{\"@context\":\"https:\/\/schema.org\",\"@graph\":[{\"@type\":\"WebPage\",\"@id\":\"https:\/\/www.villaeva-oliveoil.com\/de\/shop\/3868\/\",\"url\":\"https:\/\/www.villaeva-oliveoil.com\/de\/shop\/3868\/\",\"name\":\"Belica - Extra Virgin Organic Olive Oil\",\"isPartOf\":{\"@id\":\"https:\/\/www.villaeva-oliveoil.com\/de\/#website\"},\"primaryImageOfPage\":{\"@id\":\"https:\/\/www.villaeva-oliveoil.com\/de\/shop\/3868\/#primaryimage\"},\"image\":{\"@id\":\"https:\/\/www.villaeva-oliveoil.com\/de\/shop\/3868\/#primaryimage\"},\"thumbnailUrl\":\"https:\/\/www.villaeva-oliveoil.com\/wp-content\/uploads\/2024\/02\/2.png\",\"datePublished\":\"2026-01-29T14:30:00+00:00\",\"dateModified\":\"2026-01-29T14:42:11+00:00\",\"breadcrumb\":{\"@id\":\"https:\/\/www.villaeva-oliveoil.com\/de\/shop\/3868\/#breadcrumb\"},\"inLanguage\":\"de\",\"potentialAction\":[{\"@type\":\"ReadAction\",\"target\":[\"https:\/\/www.villaeva-oliveoil.com\/de\/shop\/3868\/\"]}]},{\"@type\":\"ImageObject\",\"inLanguage\":\"de\",\"@id\":\"https:\/\/www.villaeva-oliveoil.com\/de\/shop\/3868\/#primaryimage\",\"url\":\"https:\/\/www.villaeva-oliveoil.com\/wp-content\/uploads\/2024\/02\/2.png\",\"contentUrl\":\"https:\/\/www.villaeva-oliveoil.com\/wp-content\/uploads\/2024\/02\/2.png\",\"width\":4000,\"height\":4000},{\"@type\":\"BreadcrumbList\",\"@id\":\"https:\/\/www.villaeva-oliveoil.com\/de\/shop\/3868\/#breadcrumb\",\"itemListElement\":[{\"@type\":\"ListItem\",\"position\":1,\"name\":\"Home\",\"item\":\"https:\/\/www.villaeva-oliveoil.com\/de\/\"},{\"@type\":\"ListItem\",\"position\":2,\"name\":\"Shop\",\"item\":\"https:\/\/www.villaeva-oliveoil.com\/shop\/\"},{\"@type\":\"ListItem\",\"position\":3,\"name\":\"Belica\"}]},{\"@type\":\"WebSite\",\"@id\":\"https:\/\/www.villaeva-oliveoil.com\/de\/#website\",\"url\":\"https:\/\/www.villaeva-oliveoil.com\/de\/\",\"name\":\"Extra Virgin Organic Olive Oil\",\"description\":\"We produce a high quality extra virgin organic olive oils.\",\"potentialAction\":[{\"@type\":\"SearchAction\",\"target\":{\"@type\":\"EntryPoint\",\"urlTemplate\":\"https:\/\/www.villaeva-oliveoil.com\/de\/?s={search_term_string}\"},\"query-input\":{\"@type\":\"PropertyValueSpecification\",\"valueRequired\":true,\"valueName\":\"search_term_string\"}}],\"inLanguage\":\"de\"}]}<\/script>\n<!-- \/ Yoast SEO plugin. -->","yoast_head_json":{"title":"Belica - Extra Virgin Organic Olive Oil","robots":{"index":"index","follow":"follow","max-snippet":"max-snippet:-1","max-image-preview":"max-image-preview:large","max-video-preview":"max-video-preview:-1"},"canonical":"https:\/\/www.villaeva-oliveoil.com\/de\/shop\/3868\/","og_locale":"de_DE","og_type":"article","og_title":"Belica - Extra Virgin Organic Olive Oil","og_description":"Istrska Belica ist eine intensiv pikante Olivensorte, gesch\u00e4tzt f\u00fcr ihre lebhaften Noten von Artischocke, Eukalyptus, Zitruszeste und frisch geschnittenem Gras. Ihr ausgepr\u00e4gt pfeffriger Abgang z\u00e4hlt Belica zu den weltweit besten [&hellip;]","og_url":"https:\/\/www.villaeva-oliveoil.com\/de\/shop\/3868\/","og_site_name":"Extra Virgin Organic Olive Oil","article_modified_time":"2026-01-29T14:42:11+00:00","og_image":[{"width":1024,"height":1024,"url":"https:\/\/www.villaeva-oliveoil.com\/wp-content\/uploads\/2024\/02\/2-1024x1024.png","type":"image\/png"}],"twitter_card":"summary_large_image","twitter_misc":{"Gesch\u00e4tzte Lesezeit":"1\u00a0Minute"},"schema":{"@context":"https:\/\/schema.org","@graph":[{"@type":"WebPage","@id":"https:\/\/www.villaeva-oliveoil.com\/de\/shop\/3868\/","url":"https:\/\/www.villaeva-oliveoil.com\/de\/shop\/3868\/","name":"Belica - Extra Virgin Organic Olive Oil","isPartOf":{"@id":"https:\/\/www.villaeva-oliveoil.com\/de\/#website"},"primaryImageOfPage":{"@id":"https:\/\/www.villaeva-oliveoil.com\/de\/shop\/3868\/#primaryimage"},"image":{"@id":"https:\/\/www.villaeva-oliveoil.com\/de\/shop\/3868\/#primaryimage"},"thumbnailUrl":"https:\/\/www.villaeva-oliveoil.com\/wp-content\/uploads\/2024\/02\/2.png","datePublished":"2026-01-29T14:30:00+00:00","dateModified":"2026-01-29T14:42:11+00:00","breadcrumb":{"@id":"https:\/\/www.villaeva-oliveoil.com\/de\/shop\/3868\/#breadcrumb"},"inLanguage":"de","potentialAction":[{"@type":"ReadAction","target":["https:\/\/www.villaeva-oliveoil.com\/de\/shop\/3868\/"]}]},{"@type":"ImageObject","inLanguage":"de","@id":"https:\/\/www.villaeva-oliveoil.com\/de\/shop\/3868\/#primaryimage","url":"https:\/\/www.villaeva-oliveoil.com\/wp-content\/uploads\/2024\/02\/2.png","contentUrl":"https:\/\/www.villaeva-oliveoil.com\/wp-content\/uploads\/2024\/02\/2.png","width":4000,"height":4000},{"@type":"BreadcrumbList","@id":"https:\/\/www.villaeva-oliveoil.com\/de\/shop\/3868\/#breadcrumb","itemListElement":[{"@type":"ListItem","position":1,"name":"Home","item":"https:\/\/www.villaeva-oliveoil.com\/de\/"},{"@type":"ListItem","position":2,"name":"Shop","item":"https:\/\/www.villaeva-oliveoil.com\/shop\/"},{"@type":"ListItem","position":3,"name":"Belica"}]},{"@type":"WebSite","@id":"https:\/\/www.villaeva-oliveoil.com\/de\/#website","url":"https:\/\/www.villaeva-oliveoil.com\/de\/","name":"Extra Virgin Organic Olive Oil","description":"We produce a high quality extra virgin organic olive oils.","potentialAction":[{"@type":"SearchAction","target":{"@type":"EntryPoint","urlTemplate":"https:\/\/www.villaeva-oliveoil.com\/de\/?s={search_term_string}"},"query-input":{"@type":"PropertyValueSpecification","valueRequired":true,"valueName":"search_term_string"}}],"inLanguage":"de"}]}},"_links":{"self":[{"href":"https:\/\/www.villaeva-oliveoil.com\/de\/wp-json\/wp\/v2\/product\/3868","targetHints":{"allow":["GET"]}}],"collection":[{"href":"https:\/\/www.villaeva-oliveoil.com\/de\/wp-json\/wp\/v2\/product"}],"about":[{"href":"https:\/\/www.villaeva-oliveoil.com\/de\/wp-json\/wp\/v2\/types\/product"}],"wp:featuredmedia":[{"embeddable":true,"href":"https:\/\/www.villaeva-oliveoil.com\/de\/wp-json\/wp\/v2\/media\/2742"}],"wp:attachment":[{"href":"https:\/\/www.villaeva-oliveoil.com\/de\/wp-json\/wp\/v2\/media?parent=3868"}],"wp:term":[{"taxonomy":"product_brand","embeddable":true,"href":"https:\/\/www.villaeva-oliveoil.com\/de\/wp-json\/wp\/v2\/product_brand?post=3868"},{"taxonomy":"product_cat","embeddable":true,"href":"https:\/\/www.villaeva-oliveoil.com\/de\/wp-json\/wp\/v2\/product_cat?post=3868"},{"taxonomy":"product_tag","embeddable":true,"href":"https:\/\/www.villaeva-oliveoil.com\/de\/wp-json\/wp\/v2\/product_tag?post=3868"}],"curies":[{"name":"wp","href":"https:\/\/api.w.org\/{rel}","templated":true}]}}