
{"id":3876,"date":"2026-01-29T15:53:14","date_gmt":"2026-01-29T14:53:14","guid":{"rendered":"https:\/\/www.villaeva-oliveoil.com\/shop\/cuvee\/"},"modified":"2026-01-30T13:49:04","modified_gmt":"2026-01-30T12:49:04","slug":"cuvee","status":"publish","type":"product","link":"https:\/\/www.villaeva-oliveoil.com\/de\/shop\/cuvee\/","title":{"rendered":"Cuv\u00e9e"},"content":{"rendered":"<p><strong>CUV\u00c9E<\/strong> ist ein au\u00dfergew\u00f6hnliches Oliven\u00f6l, das als fein abgestimmte Mischung mehrerer Olivensorten entsteht, die an verschiedenen Standorten in den H\u00fcgeln von Gori\u0161ka Brda gedeihen.<br \/>\nMit seiner moderaten Sch\u00e4rfe ist es die ideale Wahl f\u00fcr den t\u00e4glichen Gebrauch: von frischen Salaten bis hin zu leichten Fisch\u2011 oder Fleischvorspeisen, bei denen es die Aromen sanft unterstreicht, ohne sie zu \u00fcberdecken.<\/p>\n","protected":false},"excerpt":{"rendered":"<p>CUV\u00c9E ist ein au\u00dfergew\u00f6hnliches Oliven\u00f6l, das als fein abgestimmte Mischung mehrerer Olivensorten entsteht, die an verschiedenen Standorten in den H\u00fcgeln von Gori\u0161ka Brda gedeihen. Mit seiner moderaten Sch\u00e4rfe ist es [&hellip;]<\/p>\n","protected":false},"featured_media":2745,"template":"","meta":{"_monsterinsights_skip_tracking":false,"_monsterinsights_sitenote_active":false,"_monsterinsights_sitenote_note":"","_monsterinsights_sitenote_category":0,"_price":"18","_stock":"","_tribe_ticket_header":"","_tribe_default_ticket_provider":"","_ticket_start_date":"","_ticket_end_date":"","_tribe_ticket_show_description":"","_tribe_ticket_show_not_going":false,"_tribe_ticket_use_global_stock":"","_tribe_ticket_global_stock_level":"","_global_stock_mode":"","_global_stock_cap":"","_tribe_rsvp_for_event":"","_tribe_ticket_going_count":"","_tribe_ticket_not_going_count":"","_tribe_tickets_list":"[]","_tribe_ticket_has_attendee_info_fields":false},"product_brand":[],"product_cat":[583,582,584],"product_tag":[595,586,596,589,600,588,599,594,597,592,591,598,593,590,587],"class_list":{"0":"post-3876","1":"product","2":"type-product","3":"status-publish","4":"has-post-thumbnail","6":"product_cat-hohe-qualitat","7":"product_cat-natives-olivenol-extra","8":"product_cat-originalgeschmack","9":"product_tag-bratasevec-de","10":"product_tag-extra-vergine","11":"product_tag-family-de","12":"product_tag-gold-de","13":"product_tag-goriska-brda-de","14":"product_tag-green-de","15":"product_tag-kalt-extrakt","16":"product_tag-kozana-de","17":"product_tag-okologisches-olivenol","18":"product_tag-olive-de","19":"product_tag-olivenol","20":"product_tag-oljcno-olje-de","21":"product_tag-product-de","22":"product_tag-villa-eva-de","23":"product_tag-villa-eva-olive-oil-de","25":"first","26":"instock","27":"sale","28":"shipping-taxable","29":"purchasable","30":"product-type-variable"},"yoast_head":"<!-- This site is optimized with the Yoast SEO plugin v26.9 - https:\/\/yoast.com\/product\/yoast-seo-wordpress\/ -->\n<title>Cuv\u00e9e - Extra Virgin Organic Olive Oil<\/title>\n<meta name=\"description\" content=\"CUV\u00c9E ist ein au\u00dfergew\u00f6hnliches Oliven\u00f6l, das aus einer raffinierten Mischung verschiedener Olivensorten hergestellt wird, die an verschiedenen Standorten in den H\u00fcgeln von Gori\u0161ka Brda wachsen. Mit seiner moderaten Sch\u00e4rfe ist es die ideale Wahl f\u00fcr allt\u00e4gliche Gerichte, von frischen Salaten bis hin zu leichten Fisch- oder Fleischvorspeisen, wo es den Geschmack sanft unterstreicht, ohne ihn zu \u00fcberdecken.\" \/>\n<meta name=\"robots\" content=\"index, follow, max-snippet:-1, max-image-preview:large, max-video-preview:-1\" \/>\n<link rel=\"canonical\" href=\"https:\/\/www.villaeva-oliveoil.com\/de\/shop\/cuvee\/\" \/>\n<meta property=\"og:locale\" content=\"de_DE\" \/>\n<meta property=\"og:type\" content=\"article\" \/>\n<meta property=\"og:title\" content=\"Cuv\u00e9e - Extra Virgin Organic Olive Oil\" \/>\n<meta property=\"og:description\" content=\"CUV\u00c9E ist ein au\u00dfergew\u00f6hnliches Oliven\u00f6l, das aus einer raffinierten Mischung verschiedener Olivensorten hergestellt wird, die an verschiedenen Standorten in den H\u00fcgeln von Gori\u0161ka Brda wachsen. Mit seiner moderaten Sch\u00e4rfe ist es die ideale Wahl f\u00fcr allt\u00e4gliche Gerichte, von frischen Salaten bis hin zu leichten Fisch- oder Fleischvorspeisen, wo es den Geschmack sanft unterstreicht, ohne ihn zu \u00fcberdecken.\" \/>\n<meta property=\"og:url\" content=\"https:\/\/www.villaeva-oliveoil.com\/de\/shop\/cuvee\/\" \/>\n<meta property=\"og:site_name\" content=\"Extra Virgin Organic Olive Oil\" \/>\n<meta property=\"article:modified_time\" content=\"2026-01-30T12:49:04+00:00\" \/>\n<meta property=\"og:image\" content=\"https:\/\/www.villaeva-oliveoil.com\/wp-content\/uploads\/2024\/02\/3-1024x1024.png\" \/>\n\t<meta property=\"og:image:width\" content=\"1024\" \/>\n\t<meta property=\"og:image:height\" content=\"1024\" \/>\n\t<meta property=\"og:image:type\" content=\"image\/png\" \/>\n<meta name=\"twitter:card\" content=\"summary_large_image\" \/>\n<meta name=\"twitter:label1\" content=\"Gesch\u00e4tzte Lesezeit\" \/>\n\t<meta name=\"twitter:data1\" content=\"1\u00a0Minute\" \/>\n<script type=\"application\/ld+json\" class=\"yoast-schema-graph\">{\"@context\":\"https:\/\/schema.org\",\"@graph\":[{\"@type\":\"WebPage\",\"@id\":\"https:\/\/www.villaeva-oliveoil.com\/de\/shop\/cuvee\/\",\"url\":\"https:\/\/www.villaeva-oliveoil.com\/de\/shop\/cuvee\/\",\"name\":\"Cuv\u00e9e - Extra Virgin Organic Olive Oil\",\"isPartOf\":{\"@id\":\"https:\/\/www.villaeva-oliveoil.com\/de\/#website\"},\"primaryImageOfPage\":{\"@id\":\"https:\/\/www.villaeva-oliveoil.com\/de\/shop\/cuvee\/#primaryimage\"},\"image\":{\"@id\":\"https:\/\/www.villaeva-oliveoil.com\/de\/shop\/cuvee\/#primaryimage\"},\"thumbnailUrl\":\"https:\/\/www.villaeva-oliveoil.com\/wp-content\/uploads\/2024\/02\/3.png\",\"datePublished\":\"2026-01-29T14:53:14+00:00\",\"dateModified\":\"2026-01-30T12:49:04+00:00\",\"description\":\"CUV\u00c9E ist ein au\u00dfergew\u00f6hnliches Oliven\u00f6l, das aus einer raffinierten Mischung verschiedener Olivensorten hergestellt wird, die an verschiedenen Standorten in den H\u00fcgeln von Gori\u0161ka Brda wachsen. Mit seiner moderaten Sch\u00e4rfe ist es die ideale Wahl f\u00fcr allt\u00e4gliche Gerichte, von frischen Salaten bis hin zu leichten Fisch- oder Fleischvorspeisen, wo es den Geschmack sanft unterstreicht, ohne ihn zu \u00fcberdecken.\",\"breadcrumb\":{\"@id\":\"https:\/\/www.villaeva-oliveoil.com\/de\/shop\/cuvee\/#breadcrumb\"},\"inLanguage\":\"de\",\"potentialAction\":[{\"@type\":\"ReadAction\",\"target\":[\"https:\/\/www.villaeva-oliveoil.com\/de\/shop\/cuvee\/\"]}]},{\"@type\":\"ImageObject\",\"inLanguage\":\"de\",\"@id\":\"https:\/\/www.villaeva-oliveoil.com\/de\/shop\/cuvee\/#primaryimage\",\"url\":\"https:\/\/www.villaeva-oliveoil.com\/wp-content\/uploads\/2024\/02\/3.png\",\"contentUrl\":\"https:\/\/www.villaeva-oliveoil.com\/wp-content\/uploads\/2024\/02\/3.png\",\"width\":4000,\"height\":4000},{\"@type\":\"BreadcrumbList\",\"@id\":\"https:\/\/www.villaeva-oliveoil.com\/de\/shop\/cuvee\/#breadcrumb\",\"itemListElement\":[{\"@type\":\"ListItem\",\"position\":1,\"name\":\"Home\",\"item\":\"https:\/\/www.villaeva-oliveoil.com\/de\/\"},{\"@type\":\"ListItem\",\"position\":2,\"name\":\"Shop\",\"item\":\"https:\/\/www.villaeva-oliveoil.com\/shop\/\"},{\"@type\":\"ListItem\",\"position\":3,\"name\":\"Cuv\u00e9e\"}]},{\"@type\":\"WebSite\",\"@id\":\"https:\/\/www.villaeva-oliveoil.com\/de\/#website\",\"url\":\"https:\/\/www.villaeva-oliveoil.com\/de\/\",\"name\":\"Extra Virgin Organic Olive Oil\",\"description\":\"We produce a high quality extra virgin organic olive oils.\",\"potentialAction\":[{\"@type\":\"SearchAction\",\"target\":{\"@type\":\"EntryPoint\",\"urlTemplate\":\"https:\/\/www.villaeva-oliveoil.com\/de\/?s={search_term_string}\"},\"query-input\":{\"@type\":\"PropertyValueSpecification\",\"valueRequired\":true,\"valueName\":\"search_term_string\"}}],\"inLanguage\":\"de\"}]}<\/script>\n<!-- \/ Yoast SEO plugin. -->","yoast_head_json":{"title":"Cuv\u00e9e - Extra Virgin Organic Olive Oil","description":"CUV\u00c9E ist ein au\u00dfergew\u00f6hnliches Oliven\u00f6l, das aus einer raffinierten Mischung verschiedener Olivensorten hergestellt wird, die an verschiedenen Standorten in den H\u00fcgeln von Gori\u0161ka Brda wachsen. Mit seiner moderaten Sch\u00e4rfe ist es die ideale Wahl f\u00fcr allt\u00e4gliche Gerichte, von frischen Salaten bis hin zu leichten Fisch- oder Fleischvorspeisen, wo es den Geschmack sanft unterstreicht, ohne ihn zu \u00fcberdecken.","robots":{"index":"index","follow":"follow","max-snippet":"max-snippet:-1","max-image-preview":"max-image-preview:large","max-video-preview":"max-video-preview:-1"},"canonical":"https:\/\/www.villaeva-oliveoil.com\/de\/shop\/cuvee\/","og_locale":"de_DE","og_type":"article","og_title":"Cuv\u00e9e - Extra Virgin Organic Olive Oil","og_description":"CUV\u00c9E ist ein au\u00dfergew\u00f6hnliches Oliven\u00f6l, das aus einer raffinierten Mischung verschiedener Olivensorten hergestellt wird, die an verschiedenen Standorten in den H\u00fcgeln von Gori\u0161ka Brda wachsen. Mit seiner moderaten Sch\u00e4rfe ist es die ideale Wahl f\u00fcr allt\u00e4gliche Gerichte, von frischen Salaten bis hin zu leichten Fisch- oder Fleischvorspeisen, wo es den Geschmack sanft unterstreicht, ohne ihn zu \u00fcberdecken.","og_url":"https:\/\/www.villaeva-oliveoil.com\/de\/shop\/cuvee\/","og_site_name":"Extra Virgin Organic Olive Oil","article_modified_time":"2026-01-30T12:49:04+00:00","og_image":[{"width":1024,"height":1024,"url":"https:\/\/www.villaeva-oliveoil.com\/wp-content\/uploads\/2024\/02\/3-1024x1024.png","type":"image\/png"}],"twitter_card":"summary_large_image","twitter_misc":{"Gesch\u00e4tzte Lesezeit":"1\u00a0Minute"},"schema":{"@context":"https:\/\/schema.org","@graph":[{"@type":"WebPage","@id":"https:\/\/www.villaeva-oliveoil.com\/de\/shop\/cuvee\/","url":"https:\/\/www.villaeva-oliveoil.com\/de\/shop\/cuvee\/","name":"Cuv\u00e9e - Extra Virgin Organic Olive Oil","isPartOf":{"@id":"https:\/\/www.villaeva-oliveoil.com\/de\/#website"},"primaryImageOfPage":{"@id":"https:\/\/www.villaeva-oliveoil.com\/de\/shop\/cuvee\/#primaryimage"},"image":{"@id":"https:\/\/www.villaeva-oliveoil.com\/de\/shop\/cuvee\/#primaryimage"},"thumbnailUrl":"https:\/\/www.villaeva-oliveoil.com\/wp-content\/uploads\/2024\/02\/3.png","datePublished":"2026-01-29T14:53:14+00:00","dateModified":"2026-01-30T12:49:04+00:00","description":"CUV\u00c9E ist ein au\u00dfergew\u00f6hnliches Oliven\u00f6l, das aus einer raffinierten Mischung verschiedener Olivensorten hergestellt wird, die an verschiedenen Standorten in den H\u00fcgeln von Gori\u0161ka Brda wachsen. Mit seiner moderaten Sch\u00e4rfe ist es die ideale Wahl f\u00fcr allt\u00e4gliche Gerichte, von frischen Salaten bis hin zu leichten Fisch- oder Fleischvorspeisen, wo es den Geschmack sanft unterstreicht, ohne ihn zu \u00fcberdecken.","breadcrumb":{"@id":"https:\/\/www.villaeva-oliveoil.com\/de\/shop\/cuvee\/#breadcrumb"},"inLanguage":"de","potentialAction":[{"@type":"ReadAction","target":["https:\/\/www.villaeva-oliveoil.com\/de\/shop\/cuvee\/"]}]},{"@type":"ImageObject","inLanguage":"de","@id":"https:\/\/www.villaeva-oliveoil.com\/de\/shop\/cuvee\/#primaryimage","url":"https:\/\/www.villaeva-oliveoil.com\/wp-content\/uploads\/2024\/02\/3.png","contentUrl":"https:\/\/www.villaeva-oliveoil.com\/wp-content\/uploads\/2024\/02\/3.png","width":4000,"height":4000},{"@type":"BreadcrumbList","@id":"https:\/\/www.villaeva-oliveoil.com\/de\/shop\/cuvee\/#breadcrumb","itemListElement":[{"@type":"ListItem","position":1,"name":"Home","item":"https:\/\/www.villaeva-oliveoil.com\/de\/"},{"@type":"ListItem","position":2,"name":"Shop","item":"https:\/\/www.villaeva-oliveoil.com\/shop\/"},{"@type":"ListItem","position":3,"name":"Cuv\u00e9e"}]},{"@type":"WebSite","@id":"https:\/\/www.villaeva-oliveoil.com\/de\/#website","url":"https:\/\/www.villaeva-oliveoil.com\/de\/","name":"Extra Virgin Organic Olive Oil","description":"We produce a high quality extra virgin organic olive oils.","potentialAction":[{"@type":"SearchAction","target":{"@type":"EntryPoint","urlTemplate":"https:\/\/www.villaeva-oliveoil.com\/de\/?s={search_term_string}"},"query-input":{"@type":"PropertyValueSpecification","valueRequired":true,"valueName":"search_term_string"}}],"inLanguage":"de"}]}},"_links":{"self":[{"href":"https:\/\/www.villaeva-oliveoil.com\/de\/wp-json\/wp\/v2\/product\/3876","targetHints":{"allow":["GET"]}}],"collection":[{"href":"https:\/\/www.villaeva-oliveoil.com\/de\/wp-json\/wp\/v2\/product"}],"about":[{"href":"https:\/\/www.villaeva-oliveoil.com\/de\/wp-json\/wp\/v2\/types\/product"}],"wp:featuredmedia":[{"embeddable":true,"href":"https:\/\/www.villaeva-oliveoil.com\/de\/wp-json\/wp\/v2\/media\/2745"}],"wp:attachment":[{"href":"https:\/\/www.villaeva-oliveoil.com\/de\/wp-json\/wp\/v2\/media?parent=3876"}],"wp:term":[{"taxonomy":"product_brand","embeddable":true,"href":"https:\/\/www.villaeva-oliveoil.com\/de\/wp-json\/wp\/v2\/product_brand?post=3876"},{"taxonomy":"product_cat","embeddable":true,"href":"https:\/\/www.villaeva-oliveoil.com\/de\/wp-json\/wp\/v2\/product_cat?post=3876"},{"taxonomy":"product_tag","embeddable":true,"href":"https:\/\/www.villaeva-oliveoil.com\/de\/wp-json\/wp\/v2\/product_tag?post=3876"}],"curies":[{"name":"wp","href":"https:\/\/api.w.org\/{rel}","templated":true}]}}