
{"id":3881,"date":"2025-12-23T14:26:54","date_gmt":"2025-12-23T13:26:54","guid":{"rendered":"https:\/\/www.villaeva-oliveoil.com\/shop\/for-kids\/"},"modified":"2026-02-04T09:39:34","modified_gmt":"2026-02-04T08:39:34","slug":"for-kids","status":"publish","type":"product","link":"https:\/\/www.villaeva-oliveoil.com\/de\/shop\/for-kids\/","title":{"rendered":"For Kids"},"content":{"rendered":"<p>\u00c4rzte empfehlen es als ausgezeichneten Bestandteil einer gesunden Kinderern\u00e4hrung, besonders w\u00e4hrend des \u00dcbergangs von Muttermilch zu Breien und den ersten festen Mahlzeiten. <strong>Villa EVA Kids Olive Oil<\/strong> ist reich an nat\u00fcrlichen Antioxidantien, Vitamin\u202fE und gesunden Fetten, die Wachstum, Gehirnentwicklung und eine gute Verdauung unterst\u00fctzen. Sein milder, kinderfreundlicher Geschmack macht es ideal f\u00fcr den t\u00e4glichen Einsatz in Kindergerichten.<\/p>\n","protected":false},"excerpt":{"rendered":"<p>\u00c4rzte empfehlen es als ausgezeichneten Bestandteil einer gesunden Kinderern\u00e4hrung, besonders w\u00e4hrend des \u00dcbergangs von Muttermilch zu Breien und den ersten festen Mahlzeiten. Villa EVA Kids Olive Oil ist reich an [&hellip;]<\/p>\n","protected":false},"featured_media":3746,"template":"","meta":{"_monsterinsights_skip_tracking":false,"_monsterinsights_sitenote_active":false,"_monsterinsights_sitenote_note":"","_monsterinsights_sitenote_category":0,"_price":"20","_stock":"","_tribe_ticket_header":"","_tribe_default_ticket_provider":"","_ticket_start_date":"","_ticket_end_date":"","_tribe_ticket_show_description":"","_tribe_ticket_show_not_going":false,"_tribe_ticket_use_global_stock":"","_tribe_ticket_global_stock_level":"","_global_stock_mode":"","_global_stock_cap":"","_tribe_rsvp_for_event":"","_tribe_ticket_going_count":"","_tribe_ticket_not_going_count":"","_tribe_tickets_list":"[]","_tribe_ticket_has_attendee_info_fields":false},"product_brand":[],"product_cat":[583,582,584],"product_tag":[595,586,596,589,600,588,599,594,597,592,591,598,593,590,587],"class_list":{"0":"post-3881","1":"product","2":"type-product","3":"status-publish","4":"has-post-thumbnail","6":"product_cat-hohe-qualitat","7":"product_cat-natives-olivenol-extra","8":"product_cat-originalgeschmack","9":"product_tag-bratasevec-de","10":"product_tag-extra-vergine","11":"product_tag-family-de","12":"product_tag-gold-de","13":"product_tag-goriska-brda-de","14":"product_tag-green-de","15":"product_tag-kalt-extrakt","16":"product_tag-kozana-de","17":"product_tag-okologisches-olivenol","18":"product_tag-olive-de","19":"product_tag-olivenol","20":"product_tag-oljcno-olje-de","21":"product_tag-product-de","22":"product_tag-villa-eva-de","23":"product_tag-villa-eva-olive-oil-de","25":"first","26":"instock","27":"featured","28":"shipping-taxable","29":"purchasable","30":"product-type-variable"},"yoast_head":"<!-- This site is optimized with the Yoast SEO plugin v26.9 - https:\/\/yoast.com\/product\/yoast-seo-wordpress\/ -->\n<title>For Kids - Extra Virgin Organic Olive Oil<\/title>\n<meta name=\"description\" content=\"For Kids is a combination of various sorts of olive trees from our olive groves. The oil has flavour of herbs, fresh grass and apples. It is moderately spicy and is an excellent oil for meat dishes.\" \/>\n<meta name=\"robots\" content=\"index, follow, max-snippet:-1, max-image-preview:large, max-video-preview:-1\" \/>\n<link rel=\"canonical\" href=\"https:\/\/www.villaeva-oliveoil.com\/de\/shop\/for-kids\/\" \/>\n<meta property=\"og:locale\" content=\"de_DE\" \/>\n<meta property=\"og:type\" content=\"article\" \/>\n<meta property=\"og:title\" content=\"For Kids - Extra Virgin Organic Olive Oil\" \/>\n<meta property=\"og:description\" content=\"For Kids is a combination of various sorts of olive trees from our olive groves. The oil has flavour of herbs, fresh grass and apples. It is moderately spicy and is an excellent oil for meat dishes.\" \/>\n<meta property=\"og:url\" content=\"https:\/\/www.villaeva-oliveoil.com\/de\/shop\/for-kids\/\" \/>\n<meta property=\"og:site_name\" content=\"Extra Virgin Organic Olive Oil\" \/>\n<meta property=\"article:modified_time\" content=\"2026-02-04T08:39:34+00:00\" \/>\n<meta property=\"og:image\" content=\"https:\/\/www.villaeva-oliveoil.com\/wp-content\/uploads\/2025\/12\/Villa_EVA_Organic_Extra_Virgin_Olive_Oil_For_Kids-1.jpg\" \/>\n\t<meta property=\"og:image:width\" content=\"1200\" \/>\n\t<meta property=\"og:image:height\" content=\"1200\" \/>\n\t<meta property=\"og:image:type\" content=\"image\/jpeg\" \/>\n<meta name=\"twitter:card\" content=\"summary_large_image\" \/>\n<meta name=\"twitter:label1\" content=\"Gesch\u00e4tzte Lesezeit\" \/>\n\t<meta name=\"twitter:data1\" content=\"1\u00a0Minute\" \/>\n<script type=\"application\/ld+json\" class=\"yoast-schema-graph\">{\"@context\":\"https:\/\/schema.org\",\"@graph\":[{\"@type\":\"WebPage\",\"@id\":\"https:\/\/www.villaeva-oliveoil.com\/de\/shop\/for-kids\/\",\"url\":\"https:\/\/www.villaeva-oliveoil.com\/de\/shop\/for-kids\/\",\"name\":\"For Kids - Extra Virgin Organic Olive Oil\",\"isPartOf\":{\"@id\":\"https:\/\/www.villaeva-oliveoil.com\/de\/#website\"},\"primaryImageOfPage\":{\"@id\":\"https:\/\/www.villaeva-oliveoil.com\/de\/shop\/for-kids\/#primaryimage\"},\"image\":{\"@id\":\"https:\/\/www.villaeva-oliveoil.com\/de\/shop\/for-kids\/#primaryimage\"},\"thumbnailUrl\":\"https:\/\/www.villaeva-oliveoil.com\/wp-content\/uploads\/2025\/12\/Villa_EVA_Organic_Extra_Virgin_Olive_Oil_For_Kids-1.jpg\",\"datePublished\":\"2025-12-23T13:26:54+00:00\",\"dateModified\":\"2026-02-04T08:39:34+00:00\",\"description\":\"For Kids is a combination of various sorts of olive trees from our olive groves. The oil has flavour of herbs, fresh grass and apples. It is moderately spicy and is an excellent oil for meat dishes.\",\"breadcrumb\":{\"@id\":\"https:\/\/www.villaeva-oliveoil.com\/de\/shop\/for-kids\/#breadcrumb\"},\"inLanguage\":\"de\",\"potentialAction\":[{\"@type\":\"ReadAction\",\"target\":[\"https:\/\/www.villaeva-oliveoil.com\/de\/shop\/for-kids\/\"]}]},{\"@type\":\"ImageObject\",\"inLanguage\":\"de\",\"@id\":\"https:\/\/www.villaeva-oliveoil.com\/de\/shop\/for-kids\/#primaryimage\",\"url\":\"https:\/\/www.villaeva-oliveoil.com\/wp-content\/uploads\/2025\/12\/Villa_EVA_Organic_Extra_Virgin_Olive_Oil_For_Kids-1.jpg\",\"contentUrl\":\"https:\/\/www.villaeva-oliveoil.com\/wp-content\/uploads\/2025\/12\/Villa_EVA_Organic_Extra_Virgin_Olive_Oil_For_Kids-1.jpg\",\"width\":1200,\"height\":1200},{\"@type\":\"BreadcrumbList\",\"@id\":\"https:\/\/www.villaeva-oliveoil.com\/de\/shop\/for-kids\/#breadcrumb\",\"itemListElement\":[{\"@type\":\"ListItem\",\"position\":1,\"name\":\"Home\",\"item\":\"https:\/\/www.villaeva-oliveoil.com\/de\/\"},{\"@type\":\"ListItem\",\"position\":2,\"name\":\"Shop\",\"item\":\"https:\/\/www.villaeva-oliveoil.com\/shop\/\"},{\"@type\":\"ListItem\",\"position\":3,\"name\":\"For Kids\"}]},{\"@type\":\"WebSite\",\"@id\":\"https:\/\/www.villaeva-oliveoil.com\/de\/#website\",\"url\":\"https:\/\/www.villaeva-oliveoil.com\/de\/\",\"name\":\"Extra Virgin Organic Olive Oil\",\"description\":\"We produce a high quality extra virgin organic olive oils.\",\"potentialAction\":[{\"@type\":\"SearchAction\",\"target\":{\"@type\":\"EntryPoint\",\"urlTemplate\":\"https:\/\/www.villaeva-oliveoil.com\/de\/?s={search_term_string}\"},\"query-input\":{\"@type\":\"PropertyValueSpecification\",\"valueRequired\":true,\"valueName\":\"search_term_string\"}}],\"inLanguage\":\"de\"}]}<\/script>\n<!-- \/ Yoast SEO plugin. -->","yoast_head_json":{"title":"For Kids - Extra Virgin Organic Olive Oil","description":"For Kids is a combination of various sorts of olive trees from our olive groves. The oil has flavour of herbs, fresh grass and apples. It is moderately spicy and is an excellent oil for meat dishes.","robots":{"index":"index","follow":"follow","max-snippet":"max-snippet:-1","max-image-preview":"max-image-preview:large","max-video-preview":"max-video-preview:-1"},"canonical":"https:\/\/www.villaeva-oliveoil.com\/de\/shop\/for-kids\/","og_locale":"de_DE","og_type":"article","og_title":"For Kids - Extra Virgin Organic Olive Oil","og_description":"For Kids is a combination of various sorts of olive trees from our olive groves. The oil has flavour of herbs, fresh grass and apples. It is moderately spicy and is an excellent oil for meat dishes.","og_url":"https:\/\/www.villaeva-oliveoil.com\/de\/shop\/for-kids\/","og_site_name":"Extra Virgin Organic Olive Oil","article_modified_time":"2026-02-04T08:39:34+00:00","og_image":[{"width":1200,"height":1200,"url":"https:\/\/www.villaeva-oliveoil.com\/wp-content\/uploads\/2025\/12\/Villa_EVA_Organic_Extra_Virgin_Olive_Oil_For_Kids-1.jpg","type":"image\/jpeg"}],"twitter_card":"summary_large_image","twitter_misc":{"Gesch\u00e4tzte Lesezeit":"1\u00a0Minute"},"schema":{"@context":"https:\/\/schema.org","@graph":[{"@type":"WebPage","@id":"https:\/\/www.villaeva-oliveoil.com\/de\/shop\/for-kids\/","url":"https:\/\/www.villaeva-oliveoil.com\/de\/shop\/for-kids\/","name":"For Kids - Extra Virgin Organic Olive Oil","isPartOf":{"@id":"https:\/\/www.villaeva-oliveoil.com\/de\/#website"},"primaryImageOfPage":{"@id":"https:\/\/www.villaeva-oliveoil.com\/de\/shop\/for-kids\/#primaryimage"},"image":{"@id":"https:\/\/www.villaeva-oliveoil.com\/de\/shop\/for-kids\/#primaryimage"},"thumbnailUrl":"https:\/\/www.villaeva-oliveoil.com\/wp-content\/uploads\/2025\/12\/Villa_EVA_Organic_Extra_Virgin_Olive_Oil_For_Kids-1.jpg","datePublished":"2025-12-23T13:26:54+00:00","dateModified":"2026-02-04T08:39:34+00:00","description":"For Kids is a combination of various sorts of olive trees from our olive groves. The oil has flavour of herbs, fresh grass and apples. It is moderately spicy and is an excellent oil for meat dishes.","breadcrumb":{"@id":"https:\/\/www.villaeva-oliveoil.com\/de\/shop\/for-kids\/#breadcrumb"},"inLanguage":"de","potentialAction":[{"@type":"ReadAction","target":["https:\/\/www.villaeva-oliveoil.com\/de\/shop\/for-kids\/"]}]},{"@type":"ImageObject","inLanguage":"de","@id":"https:\/\/www.villaeva-oliveoil.com\/de\/shop\/for-kids\/#primaryimage","url":"https:\/\/www.villaeva-oliveoil.com\/wp-content\/uploads\/2025\/12\/Villa_EVA_Organic_Extra_Virgin_Olive_Oil_For_Kids-1.jpg","contentUrl":"https:\/\/www.villaeva-oliveoil.com\/wp-content\/uploads\/2025\/12\/Villa_EVA_Organic_Extra_Virgin_Olive_Oil_For_Kids-1.jpg","width":1200,"height":1200},{"@type":"BreadcrumbList","@id":"https:\/\/www.villaeva-oliveoil.com\/de\/shop\/for-kids\/#breadcrumb","itemListElement":[{"@type":"ListItem","position":1,"name":"Home","item":"https:\/\/www.villaeva-oliveoil.com\/de\/"},{"@type":"ListItem","position":2,"name":"Shop","item":"https:\/\/www.villaeva-oliveoil.com\/shop\/"},{"@type":"ListItem","position":3,"name":"For Kids"}]},{"@type":"WebSite","@id":"https:\/\/www.villaeva-oliveoil.com\/de\/#website","url":"https:\/\/www.villaeva-oliveoil.com\/de\/","name":"Extra Virgin Organic Olive Oil","description":"We produce a high quality extra virgin organic olive oils.","potentialAction":[{"@type":"SearchAction","target":{"@type":"EntryPoint","urlTemplate":"https:\/\/www.villaeva-oliveoil.com\/de\/?s={search_term_string}"},"query-input":{"@type":"PropertyValueSpecification","valueRequired":true,"valueName":"search_term_string"}}],"inLanguage":"de"}]}},"_links":{"self":[{"href":"https:\/\/www.villaeva-oliveoil.com\/de\/wp-json\/wp\/v2\/product\/3881","targetHints":{"allow":["GET"]}}],"collection":[{"href":"https:\/\/www.villaeva-oliveoil.com\/de\/wp-json\/wp\/v2\/product"}],"about":[{"href":"https:\/\/www.villaeva-oliveoil.com\/de\/wp-json\/wp\/v2\/types\/product"}],"wp:featuredmedia":[{"embeddable":true,"href":"https:\/\/www.villaeva-oliveoil.com\/de\/wp-json\/wp\/v2\/media\/3746"}],"wp:attachment":[{"href":"https:\/\/www.villaeva-oliveoil.com\/de\/wp-json\/wp\/v2\/media?parent=3881"}],"wp:term":[{"taxonomy":"product_brand","embeddable":true,"href":"https:\/\/www.villaeva-oliveoil.com\/de\/wp-json\/wp\/v2\/product_brand?post=3881"},{"taxonomy":"product_cat","embeddable":true,"href":"https:\/\/www.villaeva-oliveoil.com\/de\/wp-json\/wp\/v2\/product_cat?post=3881"},{"taxonomy":"product_tag","embeddable":true,"href":"https:\/\/www.villaeva-oliveoil.com\/de\/wp-json\/wp\/v2\/product_tag?post=3881"}],"curies":[{"name":"wp","href":"https:\/\/api.w.org\/{rel}","templated":true}]}}