
{"id":3885,"date":"2026-01-30T13:21:20","date_gmt":"2026-01-30T12:21:20","guid":{"rendered":"https:\/\/www.villaeva-oliveoil.com\/shop\/grand-riserva\/"},"modified":"2026-02-04T09:47:15","modified_gmt":"2026-02-04T08:47:15","slug":"grand-riserva","status":"publish","type":"product","link":"https:\/\/www.villaeva-oliveoil.com\/de\/shop\/grand-riserva\/","title":{"rendered":"Grand Riserva"},"content":{"rendered":"<p class=\"ds-markdown-paragraph\">Unser Gran Riserva ist der Inbegriff der seltenen Olivenart <strong>Leccio del Corno<\/strong>. Dieses limitierte Bio-Oliven\u00f6l extra vergine zeichnet sich durch seinen kr\u00e4ftigen, aristokratischen Charakter aus.<\/p>\n<p class=\"ds-markdown-paragraph\">Entwickelt f\u00fcr alle, die ein \u00d6l mit <strong>kompromissloser Pers\u00f6nlichkeit und Tiefe<\/strong> suchen. Betr\u00e4ufeln Sie damit gegrilltes Fleisch, rustikale Suppen oder herzhafte H\u00fclsenfr\u00fcchte, um ein einfaches Gericht in ein tiefgr\u00fcndiges Erlebnis zu verwandeln.<\/p>\n<p class=\"ds-markdown-paragraph\"><strong>K\u00fchn. Strukturiert. Unvergesslich.<\/strong><\/p>\n","protected":false},"excerpt":{"rendered":"<p>Unser Gran Riserva ist der Inbegriff der seltenen Olivenart Leccio del Corno. Dieses limitierte Bio-Oliven\u00f6l extra vergine zeichnet sich durch seinen kr\u00e4ftigen, aristokratischen Charakter aus. Entwickelt f\u00fcr alle, die ein [&hellip;]<\/p>\n","protected":false},"featured_media":3740,"template":"","meta":{"_monsterinsights_skip_tracking":false,"_monsterinsights_sitenote_active":false,"_monsterinsights_sitenote_note":"","_monsterinsights_sitenote_category":0,"_price":"40","_stock":"","_tribe_ticket_header":"","_tribe_default_ticket_provider":"","_ticket_start_date":"","_ticket_end_date":"","_tribe_ticket_show_description":"","_tribe_ticket_show_not_going":false,"_tribe_ticket_use_global_stock":"","_tribe_ticket_global_stock_level":"","_global_stock_mode":"","_global_stock_cap":"","_tribe_rsvp_for_event":"","_tribe_ticket_going_count":"","_tribe_ticket_not_going_count":"","_tribe_tickets_list":"[]","_tribe_ticket_has_attendee_info_fields":false},"product_brand":[],"product_cat":[583,582,584],"product_tag":[595,586,596,589,600,588,599,594,597,592,591,598,593,590,587],"class_list":{"0":"post-3885","1":"product","2":"type-product","3":"status-publish","4":"has-post-thumbnail","6":"product_cat-hohe-qualitat","7":"product_cat-natives-olivenol-extra","8":"product_cat-originalgeschmack","9":"product_tag-bratasevec-de","10":"product_tag-extra-vergine","11":"product_tag-family-de","12":"product_tag-gold-de","13":"product_tag-goriska-brda-de","14":"product_tag-green-de","15":"product_tag-kalt-extrakt","16":"product_tag-kozana-de","17":"product_tag-okologisches-olivenol","18":"product_tag-olive-de","19":"product_tag-olivenol","20":"product_tag-oljcno-olje-de","21":"product_tag-product-de","22":"product_tag-villa-eva-de","23":"product_tag-villa-eva-olive-oil-de","25":"first","26":"instock","27":"sale","28":"featured","29":"shipping-taxable","30":"purchasable","31":"product-type-variable"},"yoast_head":"<!-- This site is optimized with the Yoast SEO plugin v26.9 - https:\/\/yoast.com\/product\/yoast-seo-wordpress\/ -->\n<title>Grand Riserva - Extra Virgin Organic Olive Oil<\/title>\n<meta name=\"description\" content=\"Unser Gran Riserva ist der Inbegriff der seltenen Leccio del Corno-Olive. Dieses limitierte Bio-Oliven\u00f6l extra vergine zeichnet sich durch seinen kr\u00e4ftigen, aristokratischen Charakter aus. Es wurde f\u00fcr diejenigen kreiert, die ein \u00d6l mit kompromissloser Pers\u00f6nlichkeit und Tiefe suchen. Tr\u00e4ufeln Sie es \u00fcber gegrilltes Fleisch, rustikale Suppen oder herzhafte H\u00fclsenfr\u00fcchte, um ein einfaches Gericht in ein unvergessliches Geschmackserlebnis zu verwandeln. Kr\u00e4ftig. Strukturiert. Unvergesslich.\" \/>\n<meta name=\"robots\" content=\"index, follow, max-snippet:-1, max-image-preview:large, max-video-preview:-1\" \/>\n<link rel=\"canonical\" href=\"https:\/\/www.villaeva-oliveoil.com\/de\/shop\/grand-riserva\/\" \/>\n<meta property=\"og:locale\" content=\"de_DE\" \/>\n<meta property=\"og:type\" content=\"article\" \/>\n<meta property=\"og:title\" content=\"Grand Riserva - Extra Virgin Organic Olive Oil\" \/>\n<meta property=\"og:description\" content=\"Unser Gran Riserva ist der Inbegriff der seltenen Leccio del Corno-Olive. Dieses limitierte Bio-Oliven\u00f6l extra vergine zeichnet sich durch seinen kr\u00e4ftigen, aristokratischen Charakter aus. Es wurde f\u00fcr diejenigen kreiert, die ein \u00d6l mit kompromissloser Pers\u00f6nlichkeit und Tiefe suchen. Tr\u00e4ufeln Sie es \u00fcber gegrilltes Fleisch, rustikale Suppen oder herzhafte H\u00fclsenfr\u00fcchte, um ein einfaches Gericht in ein unvergessliches Geschmackserlebnis zu verwandeln. Kr\u00e4ftig. Strukturiert. Unvergesslich.\" \/>\n<meta property=\"og:url\" content=\"https:\/\/www.villaeva-oliveoil.com\/de\/shop\/grand-riserva\/\" \/>\n<meta property=\"og:site_name\" content=\"Extra Virgin Organic Olive Oil\" \/>\n<meta property=\"article:modified_time\" content=\"2026-02-04T08:47:15+00:00\" \/>\n<meta property=\"og:image\" content=\"https:\/\/www.villaeva-oliveoil.com\/wp-content\/uploads\/2025\/12\/Villa_EVA_Organic_Extra_Virgin_Olive_Oil_Grand_Riserva-1.jpg\" \/>\n\t<meta property=\"og:image:width\" content=\"1200\" \/>\n\t<meta property=\"og:image:height\" content=\"1200\" \/>\n\t<meta property=\"og:image:type\" content=\"image\/jpeg\" \/>\n<meta name=\"twitter:card\" content=\"summary_large_image\" \/>\n<script type=\"application\/ld+json\" class=\"yoast-schema-graph\">{\"@context\":\"https:\/\/schema.org\",\"@graph\":[{\"@type\":\"WebPage\",\"@id\":\"https:\/\/www.villaeva-oliveoil.com\/de\/shop\/grand-riserva\/\",\"url\":\"https:\/\/www.villaeva-oliveoil.com\/de\/shop\/grand-riserva\/\",\"name\":\"Grand Riserva - Extra Virgin Organic Olive Oil\",\"isPartOf\":{\"@id\":\"https:\/\/www.villaeva-oliveoil.com\/de\/#website\"},\"primaryImageOfPage\":{\"@id\":\"https:\/\/www.villaeva-oliveoil.com\/de\/shop\/grand-riserva\/#primaryimage\"},\"image\":{\"@id\":\"https:\/\/www.villaeva-oliveoil.com\/de\/shop\/grand-riserva\/#primaryimage\"},\"thumbnailUrl\":\"https:\/\/www.villaeva-oliveoil.com\/wp-content\/uploads\/2025\/12\/Villa_EVA_Organic_Extra_Virgin_Olive_Oil_Grand_Riserva-1.jpg\",\"datePublished\":\"2026-01-30T12:21:20+00:00\",\"dateModified\":\"2026-02-04T08:47:15+00:00\",\"description\":\"Unser Gran Riserva ist der Inbegriff der seltenen Leccio del Corno-Olive. Dieses limitierte Bio-Oliven\u00f6l extra vergine zeichnet sich durch seinen kr\u00e4ftigen, aristokratischen Charakter aus. Es wurde f\u00fcr diejenigen kreiert, die ein \u00d6l mit kompromissloser Pers\u00f6nlichkeit und Tiefe suchen. Tr\u00e4ufeln Sie es \u00fcber gegrilltes Fleisch, rustikale Suppen oder herzhafte H\u00fclsenfr\u00fcchte, um ein einfaches Gericht in ein unvergessliches Geschmackserlebnis zu verwandeln. Kr\u00e4ftig. Strukturiert. Unvergesslich.\",\"breadcrumb\":{\"@id\":\"https:\/\/www.villaeva-oliveoil.com\/de\/shop\/grand-riserva\/#breadcrumb\"},\"inLanguage\":\"de\",\"potentialAction\":[{\"@type\":\"ReadAction\",\"target\":[\"https:\/\/www.villaeva-oliveoil.com\/de\/shop\/grand-riserva\/\"]}]},{\"@type\":\"ImageObject\",\"inLanguage\":\"de\",\"@id\":\"https:\/\/www.villaeva-oliveoil.com\/de\/shop\/grand-riserva\/#primaryimage\",\"url\":\"https:\/\/www.villaeva-oliveoil.com\/wp-content\/uploads\/2025\/12\/Villa_EVA_Organic_Extra_Virgin_Olive_Oil_Grand_Riserva-1.jpg\",\"contentUrl\":\"https:\/\/www.villaeva-oliveoil.com\/wp-content\/uploads\/2025\/12\/Villa_EVA_Organic_Extra_Virgin_Olive_Oil_Grand_Riserva-1.jpg\",\"width\":1200,\"height\":1200,\"caption\":\"best organic olive oil, extra virgin cold pressed, leccio del corno\"},{\"@type\":\"BreadcrumbList\",\"@id\":\"https:\/\/www.villaeva-oliveoil.com\/de\/shop\/grand-riserva\/#breadcrumb\",\"itemListElement\":[{\"@type\":\"ListItem\",\"position\":1,\"name\":\"Home\",\"item\":\"https:\/\/www.villaeva-oliveoil.com\/de\/\"},{\"@type\":\"ListItem\",\"position\":2,\"name\":\"Shop\",\"item\":\"https:\/\/www.villaeva-oliveoil.com\/shop\/\"},{\"@type\":\"ListItem\",\"position\":3,\"name\":\"Grand Riserva\"}]},{\"@type\":\"WebSite\",\"@id\":\"https:\/\/www.villaeva-oliveoil.com\/de\/#website\",\"url\":\"https:\/\/www.villaeva-oliveoil.com\/de\/\",\"name\":\"Extra Virgin Organic Olive Oil\",\"description\":\"We produce a high quality extra virgin organic olive oils.\",\"potentialAction\":[{\"@type\":\"SearchAction\",\"target\":{\"@type\":\"EntryPoint\",\"urlTemplate\":\"https:\/\/www.villaeva-oliveoil.com\/de\/?s={search_term_string}\"},\"query-input\":{\"@type\":\"PropertyValueSpecification\",\"valueRequired\":true,\"valueName\":\"search_term_string\"}}],\"inLanguage\":\"de\"}]}<\/script>\n<!-- \/ Yoast SEO plugin. -->","yoast_head_json":{"title":"Grand Riserva - Extra Virgin Organic Olive Oil","description":"Unser Gran Riserva ist der Inbegriff der seltenen Leccio del Corno-Olive. Dieses limitierte Bio-Oliven\u00f6l extra vergine zeichnet sich durch seinen kr\u00e4ftigen, aristokratischen Charakter aus. Es wurde f\u00fcr diejenigen kreiert, die ein \u00d6l mit kompromissloser Pers\u00f6nlichkeit und Tiefe suchen. Tr\u00e4ufeln Sie es \u00fcber gegrilltes Fleisch, rustikale Suppen oder herzhafte H\u00fclsenfr\u00fcchte, um ein einfaches Gericht in ein unvergessliches Geschmackserlebnis zu verwandeln. Kr\u00e4ftig. Strukturiert. Unvergesslich.","robots":{"index":"index","follow":"follow","max-snippet":"max-snippet:-1","max-image-preview":"max-image-preview:large","max-video-preview":"max-video-preview:-1"},"canonical":"https:\/\/www.villaeva-oliveoil.com\/de\/shop\/grand-riserva\/","og_locale":"de_DE","og_type":"article","og_title":"Grand Riserva - Extra Virgin Organic Olive Oil","og_description":"Unser Gran Riserva ist der Inbegriff der seltenen Leccio del Corno-Olive. Dieses limitierte Bio-Oliven\u00f6l extra vergine zeichnet sich durch seinen kr\u00e4ftigen, aristokratischen Charakter aus. Es wurde f\u00fcr diejenigen kreiert, die ein \u00d6l mit kompromissloser Pers\u00f6nlichkeit und Tiefe suchen. Tr\u00e4ufeln Sie es \u00fcber gegrilltes Fleisch, rustikale Suppen oder herzhafte H\u00fclsenfr\u00fcchte, um ein einfaches Gericht in ein unvergessliches Geschmackserlebnis zu verwandeln. Kr\u00e4ftig. Strukturiert. Unvergesslich.","og_url":"https:\/\/www.villaeva-oliveoil.com\/de\/shop\/grand-riserva\/","og_site_name":"Extra Virgin Organic Olive Oil","article_modified_time":"2026-02-04T08:47:15+00:00","og_image":[{"width":1200,"height":1200,"url":"https:\/\/www.villaeva-oliveoil.com\/wp-content\/uploads\/2025\/12\/Villa_EVA_Organic_Extra_Virgin_Olive_Oil_Grand_Riserva-1.jpg","type":"image\/jpeg"}],"twitter_card":"summary_large_image","schema":{"@context":"https:\/\/schema.org","@graph":[{"@type":"WebPage","@id":"https:\/\/www.villaeva-oliveoil.com\/de\/shop\/grand-riserva\/","url":"https:\/\/www.villaeva-oliveoil.com\/de\/shop\/grand-riserva\/","name":"Grand Riserva - Extra Virgin Organic Olive Oil","isPartOf":{"@id":"https:\/\/www.villaeva-oliveoil.com\/de\/#website"},"primaryImageOfPage":{"@id":"https:\/\/www.villaeva-oliveoil.com\/de\/shop\/grand-riserva\/#primaryimage"},"image":{"@id":"https:\/\/www.villaeva-oliveoil.com\/de\/shop\/grand-riserva\/#primaryimage"},"thumbnailUrl":"https:\/\/www.villaeva-oliveoil.com\/wp-content\/uploads\/2025\/12\/Villa_EVA_Organic_Extra_Virgin_Olive_Oil_Grand_Riserva-1.jpg","datePublished":"2026-01-30T12:21:20+00:00","dateModified":"2026-02-04T08:47:15+00:00","description":"Unser Gran Riserva ist der Inbegriff der seltenen Leccio del Corno-Olive. Dieses limitierte Bio-Oliven\u00f6l extra vergine zeichnet sich durch seinen kr\u00e4ftigen, aristokratischen Charakter aus. Es wurde f\u00fcr diejenigen kreiert, die ein \u00d6l mit kompromissloser Pers\u00f6nlichkeit und Tiefe suchen. Tr\u00e4ufeln Sie es \u00fcber gegrilltes Fleisch, rustikale Suppen oder herzhafte H\u00fclsenfr\u00fcchte, um ein einfaches Gericht in ein unvergessliches Geschmackserlebnis zu verwandeln. Kr\u00e4ftig. Strukturiert. Unvergesslich.","breadcrumb":{"@id":"https:\/\/www.villaeva-oliveoil.com\/de\/shop\/grand-riserva\/#breadcrumb"},"inLanguage":"de","potentialAction":[{"@type":"ReadAction","target":["https:\/\/www.villaeva-oliveoil.com\/de\/shop\/grand-riserva\/"]}]},{"@type":"ImageObject","inLanguage":"de","@id":"https:\/\/www.villaeva-oliveoil.com\/de\/shop\/grand-riserva\/#primaryimage","url":"https:\/\/www.villaeva-oliveoil.com\/wp-content\/uploads\/2025\/12\/Villa_EVA_Organic_Extra_Virgin_Olive_Oil_Grand_Riserva-1.jpg","contentUrl":"https:\/\/www.villaeva-oliveoil.com\/wp-content\/uploads\/2025\/12\/Villa_EVA_Organic_Extra_Virgin_Olive_Oil_Grand_Riserva-1.jpg","width":1200,"height":1200,"caption":"best organic olive oil, extra virgin cold pressed, leccio del corno"},{"@type":"BreadcrumbList","@id":"https:\/\/www.villaeva-oliveoil.com\/de\/shop\/grand-riserva\/#breadcrumb","itemListElement":[{"@type":"ListItem","position":1,"name":"Home","item":"https:\/\/www.villaeva-oliveoil.com\/de\/"},{"@type":"ListItem","position":2,"name":"Shop","item":"https:\/\/www.villaeva-oliveoil.com\/shop\/"},{"@type":"ListItem","position":3,"name":"Grand Riserva"}]},{"@type":"WebSite","@id":"https:\/\/www.villaeva-oliveoil.com\/de\/#website","url":"https:\/\/www.villaeva-oliveoil.com\/de\/","name":"Extra Virgin Organic Olive Oil","description":"We produce a high quality extra virgin organic olive oils.","potentialAction":[{"@type":"SearchAction","target":{"@type":"EntryPoint","urlTemplate":"https:\/\/www.villaeva-oliveoil.com\/de\/?s={search_term_string}"},"query-input":{"@type":"PropertyValueSpecification","valueRequired":true,"valueName":"search_term_string"}}],"inLanguage":"de"}]}},"_links":{"self":[{"href":"https:\/\/www.villaeva-oliveoil.com\/de\/wp-json\/wp\/v2\/product\/3885","targetHints":{"allow":["GET"]}}],"collection":[{"href":"https:\/\/www.villaeva-oliveoil.com\/de\/wp-json\/wp\/v2\/product"}],"about":[{"href":"https:\/\/www.villaeva-oliveoil.com\/de\/wp-json\/wp\/v2\/types\/product"}],"wp:featuredmedia":[{"embeddable":true,"href":"https:\/\/www.villaeva-oliveoil.com\/de\/wp-json\/wp\/v2\/media\/3740"}],"wp:attachment":[{"href":"https:\/\/www.villaeva-oliveoil.com\/de\/wp-json\/wp\/v2\/media?parent=3885"}],"wp:term":[{"taxonomy":"product_brand","embeddable":true,"href":"https:\/\/www.villaeva-oliveoil.com\/de\/wp-json\/wp\/v2\/product_brand?post=3885"},{"taxonomy":"product_cat","embeddable":true,"href":"https:\/\/www.villaeva-oliveoil.com\/de\/wp-json\/wp\/v2\/product_cat?post=3885"},{"taxonomy":"product_tag","embeddable":true,"href":"https:\/\/www.villaeva-oliveoil.com\/de\/wp-json\/wp\/v2\/product_tag?post=3885"}],"curies":[{"name":"wp","href":"https:\/\/api.w.org\/{rel}","templated":true}]}}