
{"id":1793,"date":"2022-08-01T12:47:21","date_gmt":"2022-08-01T11:47:21","guid":{"rendered":"https:\/\/www.villaeva-oliveoil.com\/?page_id=1793"},"modified":"2023-01-20T10:08:59","modified_gmt":"2023-01-20T09:08:59","slug":"program-razvoja-podezelja","status":"publish","type":"page","link":"https:\/\/www.villaeva-oliveoil.com\/sl\/program-razvoja-podezelja\/","title":{"rendered":"Program razvoja pode\u017eelja"},"content":{"rendered":"<div class=\"wpb-content-wrapper\"><p>[vc_row][vc_column][vc_column_text]<a title=\"Evropski kmetijski sklad za razvoj pode\u017eelja\" href=\"https:\/\/ec.europa.eu\/agriculture\/rural-development-2014-2020_sl\" target=\"_blank\" rel=\"noopener\"><img decoding=\"async\" class=\"alignnone lazyload\" data-src=\"http:\/\/villa-eva.si\/wp-content\/uploads\/2018\/12\/footer_logo_prp.jpg\" alt=\"Evropski kmetijski sklad za razvoj pode\u017eelja\" width=\"50%\" height=\"auto\" align=\"absmiddle\" src=\"data:image\/svg+xml;base64,PHN2ZyB3aWR0aD0iMSIgaGVpZ2h0PSIxIiB4bWxucz0iaHR0cDovL3d3dy53My5vcmcvMjAwMC9zdmciPjwvc3ZnPg==\" \/><\/a><\/p>\n<p><strong><br \/>\nNA\u0160A KMETIJA JE VKLJU\u010cENA V NASLEDNJE UKREPE V OKVIRU PROGRAMA RAZVOJA PODE\u017dELJA, IZ KATERIH LETNO PREJEMAMO SREDSTVA ZA IZVAJANJA LE TEH:<\/strong><\/p>\n<p><strong><br \/>\nPODUKREP 6.4<\/strong><\/p>\n<p>Podpora za nalo\u017ebe v vzpostavitev in razvoj nekmetijskih dejavnosti<\/p>\n<p>Mnogi ljudje si primarni stik z naravo in odmik od stresnega vsakdanjega hitrega tempa lahko privo\u0161\u010dijo samo v \u010dasu dopusta\/po\u010ditnic. Glavna motivacija posameznikov, parov in dru\u017ein, ki potujejo na pode\u017eelja je prav to \u0336 stik s pode\u017eelskim okoljem, aktivnosti ali po\u010ditek v naravi ter osebni stik s pode\u017eelskim \u017eivljenjem in ljudmi. Turizem na pode\u017eelju postaja tr\u017ena ni\u0161a, ki se \u0161iri ob prehodu mno\u017ei\u010dnega turizma v turizem posebnih interesov.<\/p>\n<p>Tako kot renomirana vina tudi renomirana olj\u010dna olja lahko predstavljajo pomemben dejavnik privla\u010dnosti za dolo\u010den kraj. Gori\u0161ka brda veljajo za peti\u010dno in magi\u010dno destinacijo, kjer je v zadnjih letih zelo pove\u010dan obisk turistov tako z doma\u010dega kot iz tujih trgov. Ob obse\u017enih vlaganjih v osnovno kmetijsko dejavnost na\u010drtujemo na na\u0161em posestvu dodatno investicijo v namestitvene kapacitete, kjer bomo ponujali no\u010ditve z zajtrkom, in dopolnitvijo turisti\u010dne ponudbe v celovit produkt, ki bo \u00bbodprt za vse iskalce najvi\u0161jega dobrega\u00ab.<\/p>\n<p>Velika prednost investitorjev je tudi v tem, da poudarek posvetijo tudi osebnemu stiku z vsakim gostom, ter se trudijo, da izpolnijo njegove \u017eelje ter s tem naredijo obisk \u0161e bolj do\u017eivet in zanimiv.<\/p>\n<p>Z nalo\u017ebo \u017eelimo na posestvu Brata\u0161evec dose\u010di naslednje cilje:<\/p>\n<ul>\n<li>vzpostaviti dodatne prostorske zmo\u017enosti za izvajanje zelenega turizma na kmetiji<\/li>\n<li>vzpostaviti pogoje za novo delovno mesto in<\/li>\n<li>povezati oljkarsko dejavnost na kmetiji z dodatno turisti\u010dno dejavnostjo ter graditi na profesionalnemu pristopu, izhajajo\u010d iz razli\u010dnosti potreb (okusov) razli\u010dnih ciljnih skupin, ki predstavljajo tr\u017eno ni\u0161o.<\/li>\n<\/ul>\n<p>Identificiranje najpomembnej\u0161ih zna\u010dilnosti klju\u010dnega izdelka:<br \/>\noddaja sob v turisti\u010dni najem,<\/p>\n<ul>\n<li>mo\u017enost zajtrka<\/li>\n<li>uporaba zunanjega bazena, ki je namenjen samo gostom<\/li>\n<li>mo\u017enost degustacij ve\u010dkrat nagrajenih olj\u010dnih olj<\/li>\n<\/ul>\n<p><strong><br \/>\nNaziv aktivnosti: Kmetijsko-okoljska-podnebna pla\u010dila (ukrep 10)<\/strong><\/p>\n<p><strong>Cilji:<\/strong>\u00a0Zmanj\u0161ati vplive kmetovanja na okolje<br \/>\n<strong>Pri\u010dakovani rezultati:<\/strong>\u00a0Ohranjanje biotske raznovrstnosti in krajine, ustrezno gospodarjenje z vodami in upravljanje s tlemi ter bla\u017eenje in prilagajanje kmetovanja podnebnim spremembam.<\/p>\n<p><strong><br \/>\nNaziv aktivnosti: Ekolo\u0161ko kmetovanje (ukrep 11)<\/strong><\/p>\n<p><strong>Cilji:<\/strong>\u00a0Spodbuditi kmetijska gospodarstva za izvajanje ekolo\u0161kega na\u010dina kmetovanja<br \/>\n<strong>Pri\u010dakovani rezultati:<\/strong>\u00a0Prispevek k zagotavljanju javnih dobrin, predvsem k ohranjanju oziroma izbolj\u0161evanju biotske raznovrstnosti, ohranjanju virov pitne vode, rodovitnosti tal, kulturne kmetijske krajine, varovanju okolja nasploh.<\/p>\n<p><strong><br \/>\nNaziv aktivnosti: Pla\u010dila obmo\u010djem z naravnimi ali drugimi posebnimi omejitvami (ukrep 13)<\/strong><\/p>\n<p><strong>Cilji:<\/strong>\u00a0Ohraniti obdelanost kmetijskih zemlji\u0161\u010d, ohraniti poseljenosti pode\u017eelskih obmo\u010dij in zagotavljati javne koristi na obmo\u010djih z naravnimi ali drugimi posebnimi omejitvami (OMD).<\/p>\n<p><strong>Pri\u010dakovani rezultati:<\/strong>\u00a0Pla\u010dila OMD bodo prispevala k ohranjanju in spodbujanju sonaravnih sistemov kmetovanja, ohranjanju kulturne krajine pode\u017eelskih obmo\u010dij ter trajnostni rabi kmetijskih zemlji\u0161\u010d.<\/p>\n<p>&nbsp;<\/p>\n<p><strong>PODUKREP 4.2<\/strong><\/p>\n<p>Podpora za nalo\u017ebe v predelavo, tr\u017eenje oziroma razvoj kmetijskih proizvodov za leto 2021<\/p>\n<p>Na na\u0161em dru\u017einskem posestvu se zavedamo, da DO\u017dIVETJE pomeni spoznavanje lokalne kulture in na\u010dina \u017eivljenja. Prav zato smo oljkarstvo povezali s turisti\u010dno dejavnostjo na kmetiji. Na\u0161 nov ve\u010dnamenski objekt bo zato postavljen sredi olj\u010dnika, v njemu pa bomo lahko obiskovalcem, gostom in kupcem predstavili proces od &amp;quot;oljke do olja&amp;quot;, saj se zavedamo, da neposreden stik pove\u010da zaupanje v blagovno znamko Villa Eva.<\/p>\n<p><strong>Glavni cilj nalo\u017ebe<\/strong> je dose\u010di zahtevne standarde za doseganje visokih kakovosti olj\u010dnih olj in tako postati \u0161e konkuren\u010dnej\u0161i na trgu. Oljke \u017eelimo stiskati takoj po obiranju, zato bomo dopolnili in optimizirali proizvodni proces predelave oljk z ureditvijo ustreznih prostorov in nakupom linije za stiskanje. Z ureditvijo degustacijskega prostora in prostora za tr\u017eenje lastnih proizvodov bomo okrepili prodajo na domu in pove\u010dali dele\u017e prihodkov iz naslova degustacij olj\u010dnih olj ter ustvariti pogoje za izvedbo novih proizvodov na kmetiji. Kot ekolo\u0161ka kmetija skrbimo, da tudi pri novi nalo\u017ebi nadgrajujemo odnos do okolja, zmanj\u0161ujemo toplogredne emisije in zni\u017eujemo porabo vode.<\/p>\n<p>Pri\u010dakovani rezultati:<\/p>\n<ul>\n<li>V novem ve\u010dnamenskem objektu bodo klet namenjena oljarni s prostori za predelavo in spravilo olj\u010dnega olja, v delu pritli\u010dja pa bodo prostori za tr\u017eenje \u2013 degustacija in prodaja olj\u010dnih olj. Kot sekundarni del objekta je oblikovan tudi zbiralnik vode.<\/li>\n<li>Ureditev ustreznih prostorov s tehnolo\u0161ko posodobitvijo &#8211; linija za stiskanje, ki bo omo\u010dila optimalne tehnolo\u0161ke procese pri proizvodnji visoko kvalitetnih olj\u010dnih olj. Hkrati pa bo pripomogla pri ustvarjanju novih proizvodov, ki ga doslej posestvo v okviru svoje ponudbe na trgu \u0161e ni ponujalo.<\/li>\n<\/ul>\n<hr \/>\n<p>Projekt finan\u010dno podprt s strani\u00a0<a href=\"https:\/\/ec.europa.eu\/agriculture\/rural-development-2014-2020_sl\"><strong>Evropske unije<\/strong><\/a>. Ve\u010d o samem projektu na\u00a0<a href=\"https:\/\/www.program-podezelja.si\/sl\/\"><strong>spletni strani PRP<\/strong><\/a>.[\/vc_column_text][\/vc_column][\/vc_row]<\/p>\n<\/div>","protected":false},"excerpt":{"rendered":"<p>[vc_row][vc_column][vc_column_text] NA\u0160A KMETIJA JE VKLJU\u010cENA V NASLEDNJE UKREPE V OKVIRU PROGRAMA RAZVOJA PODE\u017dELJA, IZ KATERIH LETNO PREJEMAMO SREDSTVA ZA IZVAJANJA LE TEH: PODUKREP 6.4 Podpora za nalo\u017ebe v vzpostavitev in [&hellip;]<\/p>\n","protected":false},"author":1,"featured_media":1141,"parent":0,"menu_order":0,"comment_status":"closed","ping_status":"closed","template":"","meta":{"_monsterinsights_skip_tracking":false,"_monsterinsights_sitenote_active":false,"_monsterinsights_sitenote_note":"","_monsterinsights_sitenote_category":0,"_price":"","_stock":"","_tribe_ticket_header":"","_tribe_default_ticket_provider":"","_ticket_start_date":"","_ticket_end_date":"","_tribe_ticket_show_description":"","_tribe_ticket_show_not_going":false,"_tribe_ticket_use_global_stock":"","_tribe_ticket_global_stock_level":"","_global_stock_mode":"","_global_stock_cap":"","_tribe_rsvp_for_event":"","_tribe_ticket_going_count":"","_tribe_ticket_not_going_count":"","_tribe_tickets_list":"[]","_tribe_ticket_has_attendee_info_fields":false,"footnotes":"","_tec_slr_enabled":"","_tec_slr_layout":""},"class_list":["post-1793","page","type-page","status-publish","has-post-thumbnail","hentry"],"yoast_head":"<!-- This site is optimized with the Yoast SEO plugin v26.9 - https:\/\/yoast.com\/product\/yoast-seo-wordpress\/ -->\n<title>Program razvoja pode\u017eelja - Extra Virgin Organic Olive Oil<\/title>\n<meta name=\"robots\" content=\"index, follow, max-snippet:-1, max-image-preview:large, max-video-preview:-1\" \/>\n<link rel=\"canonical\" href=\"https:\/\/www.villaeva-oliveoil.com\/sl\/program-razvoja-podezelja\/\" \/>\n<meta property=\"og:locale\" content=\"sl_SI\" \/>\n<meta property=\"og:type\" content=\"article\" \/>\n<meta property=\"og:title\" content=\"Program razvoja pode\u017eelja - Extra Virgin Organic Olive Oil\" \/>\n<meta property=\"og:description\" content=\"[vc_row][vc_column][vc_column_text] NA\u0160A KMETIJA JE VKLJU\u010cENA V NASLEDNJE UKREPE V OKVIRU PROGRAMA RAZVOJA PODE\u017dELJA, IZ KATERIH LETNO PREJEMAMO SREDSTVA ZA IZVAJANJA LE TEH: PODUKREP 6.4 Podpora za nalo\u017ebe v vzpostavitev in [&hellip;]\" \/>\n<meta property=\"og:url\" content=\"https:\/\/www.villaeva-oliveoil.com\/sl\/program-razvoja-podezelja\/\" \/>\n<meta property=\"og:site_name\" content=\"Extra Virgin Organic Olive Oil\" \/>\n<meta property=\"article:modified_time\" content=\"2023-01-20T09:08:59+00:00\" \/>\n<meta property=\"og:image\" content=\"https:\/\/www.villaeva-oliveoil.com\/wp-content\/uploads\/2021\/03\/IMG_20200527_110648-scaled.jpg\" \/>\n\t<meta property=\"og:image:width\" content=\"2560\" \/>\n\t<meta property=\"og:image:height\" content=\"1920\" \/>\n\t<meta property=\"og:image:type\" content=\"image\/jpeg\" \/>\n<meta name=\"twitter:card\" content=\"summary_large_image\" \/>\n<meta name=\"twitter:label1\" content=\"Est. reading time\" \/>\n\t<meta name=\"twitter:data1\" content=\"3 minute\" \/>\n<script type=\"application\/ld+json\" class=\"yoast-schema-graph\">{\"@context\":\"https:\/\/schema.org\",\"@graph\":[{\"@type\":\"WebPage\",\"@id\":\"https:\/\/www.villaeva-oliveoil.com\/sl\/program-razvoja-podezelja\/\",\"url\":\"https:\/\/www.villaeva-oliveoil.com\/sl\/program-razvoja-podezelja\/\",\"name\":\"Program razvoja pode\u017eelja - Extra Virgin Organic Olive Oil\",\"isPartOf\":{\"@id\":\"https:\/\/www.villaeva-oliveoil.com\/sl\/#website\"},\"primaryImageOfPage\":{\"@id\":\"https:\/\/www.villaeva-oliveoil.com\/sl\/program-razvoja-podezelja\/#primaryimage\"},\"image\":{\"@id\":\"https:\/\/www.villaeva-oliveoil.com\/sl\/program-razvoja-podezelja\/#primaryimage\"},\"thumbnailUrl\":\"https:\/\/www.villaeva-oliveoil.com\/wp-content\/uploads\/2021\/03\/IMG_20200527_110648-scaled.jpg\",\"datePublished\":\"2022-08-01T11:47:21+00:00\",\"dateModified\":\"2023-01-20T09:08:59+00:00\",\"breadcrumb\":{\"@id\":\"https:\/\/www.villaeva-oliveoil.com\/sl\/program-razvoja-podezelja\/#breadcrumb\"},\"inLanguage\":\"sl-SI\",\"potentialAction\":[{\"@type\":\"ReadAction\",\"target\":[\"https:\/\/www.villaeva-oliveoil.com\/sl\/program-razvoja-podezelja\/\"]}]},{\"@type\":\"ImageObject\",\"inLanguage\":\"sl-SI\",\"@id\":\"https:\/\/www.villaeva-oliveoil.com\/sl\/program-razvoja-podezelja\/#primaryimage\",\"url\":\"https:\/\/www.villaeva-oliveoil.com\/wp-content\/uploads\/2021\/03\/IMG_20200527_110648-scaled.jpg\",\"contentUrl\":\"https:\/\/www.villaeva-oliveoil.com\/wp-content\/uploads\/2021\/03\/IMG_20200527_110648-scaled.jpg\",\"width\":2560,\"height\":1920,\"caption\":\"Villa EVA Olive Oil\"},{\"@type\":\"BreadcrumbList\",\"@id\":\"https:\/\/www.villaeva-oliveoil.com\/sl\/program-razvoja-podezelja\/#breadcrumb\",\"itemListElement\":[{\"@type\":\"ListItem\",\"position\":1,\"name\":\"Home\",\"item\":\"https:\/\/www.villaeva-oliveoil.com\/sl\/\"},{\"@type\":\"ListItem\",\"position\":2,\"name\":\"Program razvoja pode\u017eelja\"}]},{\"@type\":\"WebSite\",\"@id\":\"https:\/\/www.villaeva-oliveoil.com\/sl\/#website\",\"url\":\"https:\/\/www.villaeva-oliveoil.com\/sl\/\",\"name\":\"Extra Virgin Organic Olive Oil\",\"description\":\"We produce a high quality extra virgin organic olive oils.\",\"potentialAction\":[{\"@type\":\"SearchAction\",\"target\":{\"@type\":\"EntryPoint\",\"urlTemplate\":\"https:\/\/www.villaeva-oliveoil.com\/sl\/?s={search_term_string}\"},\"query-input\":{\"@type\":\"PropertyValueSpecification\",\"valueRequired\":true,\"valueName\":\"search_term_string\"}}],\"inLanguage\":\"sl-SI\"}]}<\/script>\n<!-- \/ Yoast SEO plugin. -->","yoast_head_json":{"title":"Program razvoja pode\u017eelja - Extra Virgin Organic Olive Oil","robots":{"index":"index","follow":"follow","max-snippet":"max-snippet:-1","max-image-preview":"max-image-preview:large","max-video-preview":"max-video-preview:-1"},"canonical":"https:\/\/www.villaeva-oliveoil.com\/sl\/program-razvoja-podezelja\/","og_locale":"sl_SI","og_type":"article","og_title":"Program razvoja pode\u017eelja - Extra Virgin Organic Olive Oil","og_description":"[vc_row][vc_column][vc_column_text] NA\u0160A KMETIJA JE VKLJU\u010cENA V NASLEDNJE UKREPE V OKVIRU PROGRAMA RAZVOJA PODE\u017dELJA, IZ KATERIH LETNO PREJEMAMO SREDSTVA ZA IZVAJANJA LE TEH: PODUKREP 6.4 Podpora za nalo\u017ebe v vzpostavitev in [&hellip;]","og_url":"https:\/\/www.villaeva-oliveoil.com\/sl\/program-razvoja-podezelja\/","og_site_name":"Extra Virgin Organic Olive Oil","article_modified_time":"2023-01-20T09:08:59+00:00","og_image":[{"width":2560,"height":1920,"url":"https:\/\/www.villaeva-oliveoil.com\/wp-content\/uploads\/2021\/03\/IMG_20200527_110648-scaled.jpg","type":"image\/jpeg"}],"twitter_card":"summary_large_image","twitter_misc":{"Est. reading time":"3 minute"},"schema":{"@context":"https:\/\/schema.org","@graph":[{"@type":"WebPage","@id":"https:\/\/www.villaeva-oliveoil.com\/sl\/program-razvoja-podezelja\/","url":"https:\/\/www.villaeva-oliveoil.com\/sl\/program-razvoja-podezelja\/","name":"Program razvoja pode\u017eelja - Extra Virgin Organic Olive Oil","isPartOf":{"@id":"https:\/\/www.villaeva-oliveoil.com\/sl\/#website"},"primaryImageOfPage":{"@id":"https:\/\/www.villaeva-oliveoil.com\/sl\/program-razvoja-podezelja\/#primaryimage"},"image":{"@id":"https:\/\/www.villaeva-oliveoil.com\/sl\/program-razvoja-podezelja\/#primaryimage"},"thumbnailUrl":"https:\/\/www.villaeva-oliveoil.com\/wp-content\/uploads\/2021\/03\/IMG_20200527_110648-scaled.jpg","datePublished":"2022-08-01T11:47:21+00:00","dateModified":"2023-01-20T09:08:59+00:00","breadcrumb":{"@id":"https:\/\/www.villaeva-oliveoil.com\/sl\/program-razvoja-podezelja\/#breadcrumb"},"inLanguage":"sl-SI","potentialAction":[{"@type":"ReadAction","target":["https:\/\/www.villaeva-oliveoil.com\/sl\/program-razvoja-podezelja\/"]}]},{"@type":"ImageObject","inLanguage":"sl-SI","@id":"https:\/\/www.villaeva-oliveoil.com\/sl\/program-razvoja-podezelja\/#primaryimage","url":"https:\/\/www.villaeva-oliveoil.com\/wp-content\/uploads\/2021\/03\/IMG_20200527_110648-scaled.jpg","contentUrl":"https:\/\/www.villaeva-oliveoil.com\/wp-content\/uploads\/2021\/03\/IMG_20200527_110648-scaled.jpg","width":2560,"height":1920,"caption":"Villa EVA Olive Oil"},{"@type":"BreadcrumbList","@id":"https:\/\/www.villaeva-oliveoil.com\/sl\/program-razvoja-podezelja\/#breadcrumb","itemListElement":[{"@type":"ListItem","position":1,"name":"Home","item":"https:\/\/www.villaeva-oliveoil.com\/sl\/"},{"@type":"ListItem","position":2,"name":"Program razvoja pode\u017eelja"}]},{"@type":"WebSite","@id":"https:\/\/www.villaeva-oliveoil.com\/sl\/#website","url":"https:\/\/www.villaeva-oliveoil.com\/sl\/","name":"Extra Virgin Organic Olive Oil","description":"We produce a high quality extra virgin organic olive oils.","potentialAction":[{"@type":"SearchAction","target":{"@type":"EntryPoint","urlTemplate":"https:\/\/www.villaeva-oliveoil.com\/sl\/?s={search_term_string}"},"query-input":{"@type":"PropertyValueSpecification","valueRequired":true,"valueName":"search_term_string"}}],"inLanguage":"sl-SI"}]}},"ticketed":false,"_links":{"self":[{"href":"https:\/\/www.villaeva-oliveoil.com\/sl\/wp-json\/wp\/v2\/pages\/1793","targetHints":{"allow":["GET"]}}],"collection":[{"href":"https:\/\/www.villaeva-oliveoil.com\/sl\/wp-json\/wp\/v2\/pages"}],"about":[{"href":"https:\/\/www.villaeva-oliveoil.com\/sl\/wp-json\/wp\/v2\/types\/page"}],"author":[{"embeddable":true,"href":"https:\/\/www.villaeva-oliveoil.com\/sl\/wp-json\/wp\/v2\/users\/1"}],"replies":[{"embeddable":true,"href":"https:\/\/www.villaeva-oliveoil.com\/sl\/wp-json\/wp\/v2\/comments?post=1793"}],"version-history":[{"count":6,"href":"https:\/\/www.villaeva-oliveoil.com\/sl\/wp-json\/wp\/v2\/pages\/1793\/revisions"}],"predecessor-version":[{"id":2231,"href":"https:\/\/www.villaeva-oliveoil.com\/sl\/wp-json\/wp\/v2\/pages\/1793\/revisions\/2231"}],"wp:featuredmedia":[{"embeddable":true,"href":"https:\/\/www.villaeva-oliveoil.com\/sl\/wp-json\/wp\/v2\/media\/1141"}],"wp:attachment":[{"href":"https:\/\/www.villaeva-oliveoil.com\/sl\/wp-json\/wp\/v2\/media?parent=1793"}],"curies":[{"name":"wp","href":"https:\/\/api.w.org\/{rel}","templated":true}]}}