
{"id":2948,"date":"2024-03-16T15:24:46","date_gmt":"2024-05-07T14:22:44","guid":{"rendered":"https:\/\/www.villaeva-oliveoil.com\/?post_type=product&#038;p=2948"},"modified":"2026-02-04T09:49:35","modified_gmt":"2026-02-04T08:49:35","slug":"cuvee","status":"publish","type":"product","link":"https:\/\/www.villaeva-oliveoil.com\/sl\/shop\/cuvee\/","title":{"rendered":"Cuv\u00e9e"},"content":{"rendered":"<p>CUV\u00c9E je izjemno olj\u010dno olje, ustvarjeno kot prefinjena me\u0161anica ve\u010d sort oljk, ki uspevajo v na\u0161ih olj\u010dnikih na razli\u010dnih lokacijah v Gori\u0161kih brdih.<br \/>\nZmerno pikantno olje je odli\u010dna izbira za nezahtevne jedi \u2013 od sve\u017eih solat do ribjih ali mesnih predjedi \u2013 kjer ne\u017eno dopolni jed, ne da bi jo preglasilo.<\/p>\n","protected":false},"excerpt":{"rendered":"<p>CUV\u00c9E je izjemno olj\u010dno olje, ustvarjeno kot prefinjena me\u0161anica ve\u010d sort oljk, ki uspevajo v na\u0161ih olj\u010dnikih na razli\u010dnih lokacijah v Gori\u0161kih brdih. Zmerno pikantno olje je odli\u010dna izbira za [&hellip;]<\/p>\n","protected":false},"featured_media":2746,"template":"","meta":{"_monsterinsights_skip_tracking":false,"_monsterinsights_sitenote_active":false,"_monsterinsights_sitenote_note":"","_monsterinsights_sitenote_category":0,"_price":"18","_stock":"30","_tribe_ticket_header":"","_tribe_default_ticket_provider":"","_ticket_start_date":"","_ticket_end_date":"","_tribe_ticket_show_description":"","_tribe_ticket_show_not_going":false,"_tribe_ticket_use_global_stock":"","_tribe_ticket_global_stock_level":"","_global_stock_mode":"","_global_stock_cap":"","_tribe_rsvp_for_event":"","_tribe_ticket_going_count":"","_tribe_ticket_not_going_count":"","_tribe_tickets_list":"[]","_tribe_ticket_has_attendee_info_fields":false},"product_brand":[],"product_cat":[464,549,548],"product_tag":[559,560,561,551,564,563,558,556,465,562,557,555,552,553,554],"class_list":{"0":"post-2948","1":"product","2":"type-product","3":"status-publish","4":"has-post-thumbnail","6":"product_cat-ekstra-devisko","7":"product_cat-original-taste-sl","8":"product_cat-visoka-kakovost","9":"product_tag-bratasevec-sl","10":"product_tag-druzina","11":"product_tag-ekolosko-oljcno-olje-sl","12":"product_tag-ekstra-devisko-sl","13":"product_tag-goriska-brda-sl","14":"product_tag-hladno-stiskano-sl","15":"product_tag-kozana-sl","16":"product_tag-oljcno","17":"product_tag-oljcno-olje","18":"product_tag-oljcno-olje-sl","19":"product_tag-produkt","20":"product_tag-villa-eva-sl","21":"product_tag-villa-eva-olive-oil-sl","22":"product_tag-zeleno","23":"product_tag-zlato","25":"first","26":"instock","27":"sale","28":"shipping-taxable","29":"purchasable","30":"product-type-variable","31":"has-default-attributes"},"yoast_head":"<!-- This site is optimized with the Yoast SEO plugin v26.9 - https:\/\/yoast.com\/product\/yoast-seo-wordpress\/ -->\n<title>Cuv\u00e9e - Extra Virgin Organic Olive Oil<\/title>\n<meta name=\"description\" content=\"CUV\u00c9E je me\u0161anica razli\u010dnih sort oljk iz na\u0161ih olj\u010dnih nasadov. Olje ima aromo zeli\u0161\u010d, sve\u017ee trave in jabolk. Je zmerno pikantno in odli\u010dno za mesne jedi.\" \/>\n<meta name=\"robots\" content=\"index, follow, max-snippet:-1, max-image-preview:large, max-video-preview:-1\" \/>\n<link rel=\"canonical\" href=\"https:\/\/www.villaeva-oliveoil.com\/sl\/shop\/cuvee\/\" \/>\n<meta property=\"og:locale\" content=\"sl_SI\" \/>\n<meta property=\"og:type\" content=\"article\" \/>\n<meta property=\"og:title\" content=\"Cuv\u00e9e - Extra Virgin Organic Olive Oil\" \/>\n<meta property=\"og:description\" content=\"CUV\u00c9E je me\u0161anica razli\u010dnih sort oljk iz na\u0161ih olj\u010dnih nasadov. Olje ima aromo zeli\u0161\u010d, sve\u017ee trave in jabolk. Je zmerno pikantno in odli\u010dno za mesne jedi.\" \/>\n<meta property=\"og:url\" content=\"https:\/\/www.villaeva-oliveoil.com\/sl\/shop\/cuvee\/\" \/>\n<meta property=\"og:site_name\" content=\"Extra Virgin Organic Olive Oil\" \/>\n<meta property=\"article:modified_time\" content=\"2026-02-04T08:49:35+00:00\" \/>\n<meta property=\"og:image\" content=\"https:\/\/www.villaeva-oliveoil.com\/wp-content\/uploads\/2024\/02\/3-1024x1024.png\" \/>\n\t<meta property=\"og:image:width\" content=\"1024\" \/>\n\t<meta property=\"og:image:height\" content=\"1024\" \/>\n\t<meta property=\"og:image:type\" content=\"image\/png\" \/>\n<meta name=\"twitter:card\" content=\"summary_large_image\" \/>\n<meta name=\"twitter:label1\" content=\"Est. reading time\" \/>\n\t<meta name=\"twitter:data1\" content=\"1 minuta\" \/>\n<script type=\"application\/ld+json\" class=\"yoast-schema-graph\">{\"@context\":\"https:\/\/schema.org\",\"@graph\":[{\"@type\":\"WebPage\",\"@id\":\"https:\/\/www.villaeva-oliveoil.com\/sl\/shop\/cuvee\/\",\"url\":\"https:\/\/www.villaeva-oliveoil.com\/sl\/shop\/cuvee\/\",\"name\":\"Cuv\u00e9e - Extra Virgin Organic Olive Oil\",\"isPartOf\":{\"@id\":\"https:\/\/www.villaeva-oliveoil.com\/sl\/#website\"},\"primaryImageOfPage\":{\"@id\":\"https:\/\/www.villaeva-oliveoil.com\/sl\/shop\/cuvee\/#primaryimage\"},\"image\":{\"@id\":\"https:\/\/www.villaeva-oliveoil.com\/sl\/shop\/cuvee\/#primaryimage\"},\"thumbnailUrl\":\"https:\/\/www.villaeva-oliveoil.com\/wp-content\/uploads\/2024\/02\/3.png\",\"datePublished\":\"2024-05-07T14:22:44+00:00\",\"dateModified\":\"2026-02-04T08:49:35+00:00\",\"description\":\"CUV\u00c9E je me\u0161anica razli\u010dnih sort oljk iz na\u0161ih olj\u010dnih nasadov. Olje ima aromo zeli\u0161\u010d, sve\u017ee trave in jabolk. Je zmerno pikantno in odli\u010dno za mesne jedi.\",\"breadcrumb\":{\"@id\":\"https:\/\/www.villaeva-oliveoil.com\/sl\/shop\/cuvee\/#breadcrumb\"},\"inLanguage\":\"sl-SI\",\"potentialAction\":[{\"@type\":\"ReadAction\",\"target\":[\"https:\/\/www.villaeva-oliveoil.com\/sl\/shop\/cuvee\/\"]}]},{\"@type\":\"ImageObject\",\"inLanguage\":\"sl-SI\",\"@id\":\"https:\/\/www.villaeva-oliveoil.com\/sl\/shop\/cuvee\/#primaryimage\",\"url\":\"https:\/\/www.villaeva-oliveoil.com\/wp-content\/uploads\/2024\/02\/3.png\",\"contentUrl\":\"https:\/\/www.villaeva-oliveoil.com\/wp-content\/uploads\/2024\/02\/3.png\",\"width\":4000,\"height\":4000},{\"@type\":\"BreadcrumbList\",\"@id\":\"https:\/\/www.villaeva-oliveoil.com\/sl\/shop\/cuvee\/#breadcrumb\",\"itemListElement\":[{\"@type\":\"ListItem\",\"position\":1,\"name\":\"Home\",\"item\":\"https:\/\/www.villaeva-oliveoil.com\/sl\/\"},{\"@type\":\"ListItem\",\"position\":2,\"name\":\"Shop\",\"item\":\"https:\/\/www.villaeva-oliveoil.com\/shop\/\"},{\"@type\":\"ListItem\",\"position\":3,\"name\":\"Cuv\u00e9e\"}]},{\"@type\":\"WebSite\",\"@id\":\"https:\/\/www.villaeva-oliveoil.com\/sl\/#website\",\"url\":\"https:\/\/www.villaeva-oliveoil.com\/sl\/\",\"name\":\"Extra Virgin Organic Olive Oil\",\"description\":\"We produce a high quality extra virgin organic olive oils.\",\"potentialAction\":[{\"@type\":\"SearchAction\",\"target\":{\"@type\":\"EntryPoint\",\"urlTemplate\":\"https:\/\/www.villaeva-oliveoil.com\/sl\/?s={search_term_string}\"},\"query-input\":{\"@type\":\"PropertyValueSpecification\",\"valueRequired\":true,\"valueName\":\"search_term_string\"}}],\"inLanguage\":\"sl-SI\"}]}<\/script>\n<!-- \/ Yoast SEO plugin. -->","yoast_head_json":{"title":"Cuv\u00e9e - Extra Virgin Organic Olive Oil","description":"CUV\u00c9E je me\u0161anica razli\u010dnih sort oljk iz na\u0161ih olj\u010dnih nasadov. Olje ima aromo zeli\u0161\u010d, sve\u017ee trave in jabolk. Je zmerno pikantno in odli\u010dno za mesne jedi.","robots":{"index":"index","follow":"follow","max-snippet":"max-snippet:-1","max-image-preview":"max-image-preview:large","max-video-preview":"max-video-preview:-1"},"canonical":"https:\/\/www.villaeva-oliveoil.com\/sl\/shop\/cuvee\/","og_locale":"sl_SI","og_type":"article","og_title":"Cuv\u00e9e - Extra Virgin Organic Olive Oil","og_description":"CUV\u00c9E je me\u0161anica razli\u010dnih sort oljk iz na\u0161ih olj\u010dnih nasadov. Olje ima aromo zeli\u0161\u010d, sve\u017ee trave in jabolk. Je zmerno pikantno in odli\u010dno za mesne jedi.","og_url":"https:\/\/www.villaeva-oliveoil.com\/sl\/shop\/cuvee\/","og_site_name":"Extra Virgin Organic Olive Oil","article_modified_time":"2026-02-04T08:49:35+00:00","og_image":[{"width":1024,"height":1024,"url":"https:\/\/www.villaeva-oliveoil.com\/wp-content\/uploads\/2024\/02\/3-1024x1024.png","type":"image\/png"}],"twitter_card":"summary_large_image","twitter_misc":{"Est. reading time":"1 minuta"},"schema":{"@context":"https:\/\/schema.org","@graph":[{"@type":"WebPage","@id":"https:\/\/www.villaeva-oliveoil.com\/sl\/shop\/cuvee\/","url":"https:\/\/www.villaeva-oliveoil.com\/sl\/shop\/cuvee\/","name":"Cuv\u00e9e - Extra Virgin Organic Olive Oil","isPartOf":{"@id":"https:\/\/www.villaeva-oliveoil.com\/sl\/#website"},"primaryImageOfPage":{"@id":"https:\/\/www.villaeva-oliveoil.com\/sl\/shop\/cuvee\/#primaryimage"},"image":{"@id":"https:\/\/www.villaeva-oliveoil.com\/sl\/shop\/cuvee\/#primaryimage"},"thumbnailUrl":"https:\/\/www.villaeva-oliveoil.com\/wp-content\/uploads\/2024\/02\/3.png","datePublished":"2024-05-07T14:22:44+00:00","dateModified":"2026-02-04T08:49:35+00:00","description":"CUV\u00c9E je me\u0161anica razli\u010dnih sort oljk iz na\u0161ih olj\u010dnih nasadov. Olje ima aromo zeli\u0161\u010d, sve\u017ee trave in jabolk. Je zmerno pikantno in odli\u010dno za mesne jedi.","breadcrumb":{"@id":"https:\/\/www.villaeva-oliveoil.com\/sl\/shop\/cuvee\/#breadcrumb"},"inLanguage":"sl-SI","potentialAction":[{"@type":"ReadAction","target":["https:\/\/www.villaeva-oliveoil.com\/sl\/shop\/cuvee\/"]}]},{"@type":"ImageObject","inLanguage":"sl-SI","@id":"https:\/\/www.villaeva-oliveoil.com\/sl\/shop\/cuvee\/#primaryimage","url":"https:\/\/www.villaeva-oliveoil.com\/wp-content\/uploads\/2024\/02\/3.png","contentUrl":"https:\/\/www.villaeva-oliveoil.com\/wp-content\/uploads\/2024\/02\/3.png","width":4000,"height":4000},{"@type":"BreadcrumbList","@id":"https:\/\/www.villaeva-oliveoil.com\/sl\/shop\/cuvee\/#breadcrumb","itemListElement":[{"@type":"ListItem","position":1,"name":"Home","item":"https:\/\/www.villaeva-oliveoil.com\/sl\/"},{"@type":"ListItem","position":2,"name":"Shop","item":"https:\/\/www.villaeva-oliveoil.com\/shop\/"},{"@type":"ListItem","position":3,"name":"Cuv\u00e9e"}]},{"@type":"WebSite","@id":"https:\/\/www.villaeva-oliveoil.com\/sl\/#website","url":"https:\/\/www.villaeva-oliveoil.com\/sl\/","name":"Extra Virgin Organic Olive Oil","description":"We produce a high quality extra virgin organic olive oils.","potentialAction":[{"@type":"SearchAction","target":{"@type":"EntryPoint","urlTemplate":"https:\/\/www.villaeva-oliveoil.com\/sl\/?s={search_term_string}"},"query-input":{"@type":"PropertyValueSpecification","valueRequired":true,"valueName":"search_term_string"}}],"inLanguage":"sl-SI"}]}},"_links":{"self":[{"href":"https:\/\/www.villaeva-oliveoil.com\/sl\/wp-json\/wp\/v2\/product\/2948","targetHints":{"allow":["GET"]}}],"collection":[{"href":"https:\/\/www.villaeva-oliveoil.com\/sl\/wp-json\/wp\/v2\/product"}],"about":[{"href":"https:\/\/www.villaeva-oliveoil.com\/sl\/wp-json\/wp\/v2\/types\/product"}],"wp:featuredmedia":[{"embeddable":true,"href":"https:\/\/www.villaeva-oliveoil.com\/sl\/wp-json\/wp\/v2\/media\/2746"}],"wp:attachment":[{"href":"https:\/\/www.villaeva-oliveoil.com\/sl\/wp-json\/wp\/v2\/media?parent=2948"}],"wp:term":[{"taxonomy":"product_brand","embeddable":true,"href":"https:\/\/www.villaeva-oliveoil.com\/sl\/wp-json\/wp\/v2\/product_brand?post=2948"},{"taxonomy":"product_cat","embeddable":true,"href":"https:\/\/www.villaeva-oliveoil.com\/sl\/wp-json\/wp\/v2\/product_cat?post=2948"},{"taxonomy":"product_tag","embeddable":true,"href":"https:\/\/www.villaeva-oliveoil.com\/sl\/wp-json\/wp\/v2\/product_tag?post=2948"}],"curies":[{"name":"wp","href":"https:\/\/api.w.org\/{rel}","templated":true}]}}