
{"id":2964,"date":"2024-03-16T15:24:46","date_gmt":"2024-05-07T15:29:41","guid":{"rendered":"https:\/\/www.villaeva-oliveoil.com\/?post_type=product&#038;p=2964"},"modified":"2026-01-30T13:44:26","modified_gmt":"2026-01-30T12:44:26","slug":"limited-edition","status":"publish","type":"product","link":"https:\/\/www.villaeva-oliveoil.com\/sl\/shop\/limited-edition\/","title":{"rendered":"Limited Edition"},"content":{"rendered":"<p>Razvajajte se v redki eleganci na\u0161e omejene izdaje organskega olivnega olja. Pridelano iz izbrane avtohtone bri\u0161ke sorte Drobnice, to vrhunsko olje razkriva harmoni\u010dno me\u0161anico izrazitih okusov. Popolno za ne\u017eno prelivanje govejega carpaccia, pomakanje sve\u017ee pe\u010denega kruha ali obogatitev va\u0161ih kulinari\u010dnih stvaritev. Va\u0161e jedi bo oplemenitilo s pristnim pridihom sredozemskega razko\u0161ja.<\/p>\n","protected":false},"excerpt":{"rendered":"<p>Razvajajte se v redki eleganci na\u0161e omejene izdaje organskega olivnega olja. Pridelano iz izbrane avtohtone bri\u0161ke sorte Drobnice, to vrhunsko olje razkriva harmoni\u010dno me\u0161anico izrazitih okusov. Popolno za ne\u017eno prelivanje [&hellip;]<\/p>\n","protected":false},"featured_media":2755,"template":"","meta":{"_monsterinsights_skip_tracking":false,"_monsterinsights_sitenote_active":false,"_monsterinsights_sitenote_note":"","_monsterinsights_sitenote_category":0,"_price":"37","_stock":"9","_tribe_ticket_header":"","_tribe_default_ticket_provider":"","_ticket_start_date":"","_ticket_end_date":"","_tribe_ticket_show_description":"","_tribe_ticket_show_not_going":false,"_tribe_ticket_use_global_stock":"","_tribe_ticket_global_stock_level":"","_global_stock_mode":"","_global_stock_cap":"","_tribe_rsvp_for_event":"","_tribe_ticket_going_count":"","_tribe_ticket_not_going_count":"","_tribe_tickets_list":"[]","_tribe_ticket_has_attendee_info_fields":false},"product_brand":[],"product_cat":[464,549,548],"product_tag":[559,560,561,551,558,556,465,562,557,555,552,553,554],"class_list":{"0":"post-2964","1":"product","2":"type-product","3":"status-publish","4":"has-post-thumbnail","6":"product_cat-ekstra-devisko","7":"product_cat-original-taste-sl","8":"product_cat-visoka-kakovost","9":"product_tag-bratasevec-sl","10":"product_tag-druzina","11":"product_tag-ekolosko-oljcno-olje-sl","12":"product_tag-ekstra-devisko-sl","13":"product_tag-kozana-sl","14":"product_tag-oljcno","15":"product_tag-oljcno-olje","16":"product_tag-oljcno-olje-sl","17":"product_tag-produkt","18":"product_tag-villa-eva-sl","19":"product_tag-villa-eva-olive-oil-sl","20":"product_tag-zeleno","21":"product_tag-zlato","23":"first","24":"instock","25":"shipping-taxable","26":"purchasable","27":"product-type-simple"},"yoast_head":"<!-- This site is optimized with the Yoast SEO plugin v26.9 - https:\/\/yoast.com\/product\/yoast-seo-wordpress\/ -->\n<title>Limited Edition - Extra Virgin Organic Olive Oil<\/title>\n<meta name=\"robots\" content=\"index, follow, max-snippet:-1, max-image-preview:large, max-video-preview:-1\" \/>\n<link rel=\"canonical\" href=\"https:\/\/www.villaeva-oliveoil.com\/sl\/shop\/limited-edition\/\" \/>\n<meta property=\"og:locale\" content=\"sl_SI\" \/>\n<meta property=\"og:type\" content=\"article\" \/>\n<meta property=\"og:title\" content=\"Limited Edition - Extra Virgin Organic Olive Oil\" \/>\n<meta property=\"og:description\" content=\"Razvajajte se v redki eleganci na\u0161e omejene izdaje organskega olivnega olja. Pridelano iz izbrane avtohtone bri\u0161ke sorte Drobnice, to vrhunsko olje razkriva harmoni\u010dno me\u0161anico izrazitih okusov. Popolno za ne\u017eno prelivanje [&hellip;]\" \/>\n<meta property=\"og:url\" content=\"https:\/\/www.villaeva-oliveoil.com\/sl\/shop\/limited-edition\/\" \/>\n<meta property=\"og:site_name\" content=\"Extra Virgin Organic Olive Oil\" \/>\n<meta property=\"article:modified_time\" content=\"2026-01-30T12:44:26+00:00\" \/>\n<meta property=\"og:image\" content=\"https:\/\/www.villaeva-oliveoil.com\/wp-content\/uploads\/2024\/02\/5-1-1024x1024.png\" \/>\n\t<meta property=\"og:image:width\" content=\"1024\" \/>\n\t<meta property=\"og:image:height\" content=\"1024\" \/>\n\t<meta property=\"og:image:type\" content=\"image\/png\" \/>\n<meta name=\"twitter:card\" content=\"summary_large_image\" \/>\n<meta name=\"twitter:label1\" content=\"Est. reading time\" \/>\n\t<meta name=\"twitter:data1\" content=\"1 minuta\" \/>\n<script type=\"application\/ld+json\" class=\"yoast-schema-graph\">{\"@context\":\"https:\/\/schema.org\",\"@graph\":[{\"@type\":\"WebPage\",\"@id\":\"https:\/\/www.villaeva-oliveoil.com\/sl\/shop\/limited-edition\/\",\"url\":\"https:\/\/www.villaeva-oliveoil.com\/sl\/shop\/limited-edition\/\",\"name\":\"Limited Edition - Extra Virgin Organic Olive Oil\",\"isPartOf\":{\"@id\":\"https:\/\/www.villaeva-oliveoil.com\/sl\/#website\"},\"primaryImageOfPage\":{\"@id\":\"https:\/\/www.villaeva-oliveoil.com\/sl\/shop\/limited-edition\/#primaryimage\"},\"image\":{\"@id\":\"https:\/\/www.villaeva-oliveoil.com\/sl\/shop\/limited-edition\/#primaryimage\"},\"thumbnailUrl\":\"https:\/\/www.villaeva-oliveoil.com\/wp-content\/uploads\/2024\/02\/5-1.png\",\"datePublished\":\"2024-05-07T15:29:41+00:00\",\"dateModified\":\"2026-01-30T12:44:26+00:00\",\"breadcrumb\":{\"@id\":\"https:\/\/www.villaeva-oliveoil.com\/sl\/shop\/limited-edition\/#breadcrumb\"},\"inLanguage\":\"sl-SI\",\"potentialAction\":[{\"@type\":\"ReadAction\",\"target\":[\"https:\/\/www.villaeva-oliveoil.com\/sl\/shop\/limited-edition\/\"]}]},{\"@type\":\"ImageObject\",\"inLanguage\":\"sl-SI\",\"@id\":\"https:\/\/www.villaeva-oliveoil.com\/sl\/shop\/limited-edition\/#primaryimage\",\"url\":\"https:\/\/www.villaeva-oliveoil.com\/wp-content\/uploads\/2024\/02\/5-1.png\",\"contentUrl\":\"https:\/\/www.villaeva-oliveoil.com\/wp-content\/uploads\/2024\/02\/5-1.png\",\"width\":4000,\"height\":4000},{\"@type\":\"BreadcrumbList\",\"@id\":\"https:\/\/www.villaeva-oliveoil.com\/sl\/shop\/limited-edition\/#breadcrumb\",\"itemListElement\":[{\"@type\":\"ListItem\",\"position\":1,\"name\":\"Home\",\"item\":\"https:\/\/www.villaeva-oliveoil.com\/sl\/\"},{\"@type\":\"ListItem\",\"position\":2,\"name\":\"Shop\",\"item\":\"https:\/\/www.villaeva-oliveoil.com\/shop\/\"},{\"@type\":\"ListItem\",\"position\":3,\"name\":\"Limited Edition\"}]},{\"@type\":\"WebSite\",\"@id\":\"https:\/\/www.villaeva-oliveoil.com\/sl\/#website\",\"url\":\"https:\/\/www.villaeva-oliveoil.com\/sl\/\",\"name\":\"Extra Virgin Organic Olive Oil\",\"description\":\"We produce a high quality extra virgin organic olive oils.\",\"potentialAction\":[{\"@type\":\"SearchAction\",\"target\":{\"@type\":\"EntryPoint\",\"urlTemplate\":\"https:\/\/www.villaeva-oliveoil.com\/sl\/?s={search_term_string}\"},\"query-input\":{\"@type\":\"PropertyValueSpecification\",\"valueRequired\":true,\"valueName\":\"search_term_string\"}}],\"inLanguage\":\"sl-SI\"}]}<\/script>\n<!-- \/ Yoast SEO plugin. -->","yoast_head_json":{"title":"Limited Edition - Extra Virgin Organic Olive Oil","robots":{"index":"index","follow":"follow","max-snippet":"max-snippet:-1","max-image-preview":"max-image-preview:large","max-video-preview":"max-video-preview:-1"},"canonical":"https:\/\/www.villaeva-oliveoil.com\/sl\/shop\/limited-edition\/","og_locale":"sl_SI","og_type":"article","og_title":"Limited Edition - Extra Virgin Organic Olive Oil","og_description":"Razvajajte se v redki eleganci na\u0161e omejene izdaje organskega olivnega olja. Pridelano iz izbrane avtohtone bri\u0161ke sorte Drobnice, to vrhunsko olje razkriva harmoni\u010dno me\u0161anico izrazitih okusov. Popolno za ne\u017eno prelivanje [&hellip;]","og_url":"https:\/\/www.villaeva-oliveoil.com\/sl\/shop\/limited-edition\/","og_site_name":"Extra Virgin Organic Olive Oil","article_modified_time":"2026-01-30T12:44:26+00:00","og_image":[{"width":1024,"height":1024,"url":"https:\/\/www.villaeva-oliveoil.com\/wp-content\/uploads\/2024\/02\/5-1-1024x1024.png","type":"image\/png"}],"twitter_card":"summary_large_image","twitter_misc":{"Est. reading time":"1 minuta"},"schema":{"@context":"https:\/\/schema.org","@graph":[{"@type":"WebPage","@id":"https:\/\/www.villaeva-oliveoil.com\/sl\/shop\/limited-edition\/","url":"https:\/\/www.villaeva-oliveoil.com\/sl\/shop\/limited-edition\/","name":"Limited Edition - Extra Virgin Organic Olive Oil","isPartOf":{"@id":"https:\/\/www.villaeva-oliveoil.com\/sl\/#website"},"primaryImageOfPage":{"@id":"https:\/\/www.villaeva-oliveoil.com\/sl\/shop\/limited-edition\/#primaryimage"},"image":{"@id":"https:\/\/www.villaeva-oliveoil.com\/sl\/shop\/limited-edition\/#primaryimage"},"thumbnailUrl":"https:\/\/www.villaeva-oliveoil.com\/wp-content\/uploads\/2024\/02\/5-1.png","datePublished":"2024-05-07T15:29:41+00:00","dateModified":"2026-01-30T12:44:26+00:00","breadcrumb":{"@id":"https:\/\/www.villaeva-oliveoil.com\/sl\/shop\/limited-edition\/#breadcrumb"},"inLanguage":"sl-SI","potentialAction":[{"@type":"ReadAction","target":["https:\/\/www.villaeva-oliveoil.com\/sl\/shop\/limited-edition\/"]}]},{"@type":"ImageObject","inLanguage":"sl-SI","@id":"https:\/\/www.villaeva-oliveoil.com\/sl\/shop\/limited-edition\/#primaryimage","url":"https:\/\/www.villaeva-oliveoil.com\/wp-content\/uploads\/2024\/02\/5-1.png","contentUrl":"https:\/\/www.villaeva-oliveoil.com\/wp-content\/uploads\/2024\/02\/5-1.png","width":4000,"height":4000},{"@type":"BreadcrumbList","@id":"https:\/\/www.villaeva-oliveoil.com\/sl\/shop\/limited-edition\/#breadcrumb","itemListElement":[{"@type":"ListItem","position":1,"name":"Home","item":"https:\/\/www.villaeva-oliveoil.com\/sl\/"},{"@type":"ListItem","position":2,"name":"Shop","item":"https:\/\/www.villaeva-oliveoil.com\/shop\/"},{"@type":"ListItem","position":3,"name":"Limited Edition"}]},{"@type":"WebSite","@id":"https:\/\/www.villaeva-oliveoil.com\/sl\/#website","url":"https:\/\/www.villaeva-oliveoil.com\/sl\/","name":"Extra Virgin Organic Olive Oil","description":"We produce a high quality extra virgin organic olive oils.","potentialAction":[{"@type":"SearchAction","target":{"@type":"EntryPoint","urlTemplate":"https:\/\/www.villaeva-oliveoil.com\/sl\/?s={search_term_string}"},"query-input":{"@type":"PropertyValueSpecification","valueRequired":true,"valueName":"search_term_string"}}],"inLanguage":"sl-SI"}]}},"_links":{"self":[{"href":"https:\/\/www.villaeva-oliveoil.com\/sl\/wp-json\/wp\/v2\/product\/2964","targetHints":{"allow":["GET"]}}],"collection":[{"href":"https:\/\/www.villaeva-oliveoil.com\/sl\/wp-json\/wp\/v2\/product"}],"about":[{"href":"https:\/\/www.villaeva-oliveoil.com\/sl\/wp-json\/wp\/v2\/types\/product"}],"wp:featuredmedia":[{"embeddable":true,"href":"https:\/\/www.villaeva-oliveoil.com\/sl\/wp-json\/wp\/v2\/media\/2755"}],"wp:attachment":[{"href":"https:\/\/www.villaeva-oliveoil.com\/sl\/wp-json\/wp\/v2\/media?parent=2964"}],"wp:term":[{"taxonomy":"product_brand","embeddable":true,"href":"https:\/\/www.villaeva-oliveoil.com\/sl\/wp-json\/wp\/v2\/product_brand?post=2964"},{"taxonomy":"product_cat","embeddable":true,"href":"https:\/\/www.villaeva-oliveoil.com\/sl\/wp-json\/wp\/v2\/product_cat?post=2964"},{"taxonomy":"product_tag","embeddable":true,"href":"https:\/\/www.villaeva-oliveoil.com\/sl\/wp-json\/wp\/v2\/product_tag?post=2964"}],"curies":[{"name":"wp","href":"https:\/\/api.w.org\/{rel}","templated":true}]}}