
{"id":3886,"date":"2026-01-30T13:23:56","date_gmt":"2026-01-30T12:23:56","guid":{"rendered":"https:\/\/www.villaeva-oliveoil.com\/shop\/grand-riserva\/"},"modified":"2026-02-08T09:54:46","modified_gmt":"2026-02-08T08:54:46","slug":"grand-riserva","status":"publish","type":"product","link":"https:\/\/www.villaeva-oliveoil.com\/sl\/shop\/grand-riserva\/","title":{"rendered":"Grand Riserva"},"content":{"rendered":"<p>Na\u0161a\u00a0<strong>Grand Riserva<\/strong>\u00a0predstavlja vrhunski izraz redke italijanske sorte\u00a0<strong>Leccio del Corno<\/strong>. To ekolo\u0161ko ekstra devi\u0161ko olj\u010dno olje, pridelano v strogo omejeni koli\u010dini, odlikuje drzen, skoraj aristokratski zna\u010daj. Sorta, ki v izvorni Italiji velja za posebnost, pri nas v Gori\u0161kih brdih dozori \u0161e bolje \u2013 edinstven terroir, ume\u0161\u010den med Alpami in Jadranom, ji podari globino, strukturo in izjemno osebnost.<\/p>\n<p>Ustvarjeno je za poznavalce, ki i\u0161\u010dejo olje z neomajno karakteristiko in izrazito aromati\u010dno kompleksnostjo. Pokapljajte ga po mesu z \u017eara, rustikalnih juhah ali toplih stro\u010dnicah in preprosta jed se preobrazi v do\u017eivetje.<\/p>\n<p><strong>Drzno. Strukturirano. Neponovljivo.<\/strong><\/p>\n","protected":false},"excerpt":{"rendered":"<p>Na\u0161a\u00a0Grand Riserva\u00a0predstavlja vrhunski izraz redke italijanske sorte\u00a0Leccio del Corno. To ekolo\u0161ko ekstra devi\u0161ko olj\u010dno olje, pridelano v strogo omejeni koli\u010dini, odlikuje drzen, skoraj aristokratski zna\u010daj. Sorta, ki v izvorni Italiji [&hellip;]<\/p>\n","protected":false},"featured_media":3741,"template":"","meta":{"_monsterinsights_skip_tracking":false,"_monsterinsights_sitenote_active":false,"_monsterinsights_sitenote_note":"","_monsterinsights_sitenote_category":0,"_price":"40","_stock":"30","_tribe_ticket_header":"","_tribe_default_ticket_provider":"","_ticket_start_date":"","_ticket_end_date":"","_tribe_ticket_show_description":"","_tribe_ticket_show_not_going":false,"_tribe_ticket_use_global_stock":"","_tribe_ticket_global_stock_level":"","_global_stock_mode":"","_global_stock_cap":"","_tribe_rsvp_for_event":"","_tribe_ticket_going_count":"","_tribe_ticket_not_going_count":"","_tribe_tickets_list":"[]","_tribe_ticket_has_attendee_info_fields":false},"product_brand":[],"product_cat":[464,549,548],"product_tag":[559,560,561,551,564,563,558,556,465,562,557,555,552,553,554],"class_list":{"0":"post-3886","1":"product","2":"type-product","3":"status-publish","4":"has-post-thumbnail","6":"product_cat-ekstra-devisko","7":"product_cat-original-taste-sl","8":"product_cat-visoka-kakovost","9":"product_tag-bratasevec-sl","10":"product_tag-druzina","11":"product_tag-ekolosko-oljcno-olje-sl","12":"product_tag-ekstra-devisko-sl","13":"product_tag-goriska-brda-sl","14":"product_tag-hladno-stiskano-sl","15":"product_tag-kozana-sl","16":"product_tag-oljcno","17":"product_tag-oljcno-olje","18":"product_tag-oljcno-olje-sl","19":"product_tag-produkt","20":"product_tag-villa-eva-sl","21":"product_tag-villa-eva-olive-oil-sl","22":"product_tag-zeleno","23":"product_tag-zlato","25":"first","26":"instock","27":"sale","28":"featured","29":"shipping-taxable","30":"purchasable","31":"product-type-variable","32":"has-default-attributes"},"yoast_head":"<!-- This site is optimized with the Yoast SEO plugin v26.9 - https:\/\/yoast.com\/product\/yoast-seo-wordpress\/ -->\n<title>Grand Riserva - Extra Virgin Organic Olive Oil<\/title>\n<meta name=\"description\" content=\"Na\u0161a\u00a0Grand Riserva\u00a0predstavlja vrhunski izraz redke italijanske sorte\u00a0Leccio del Corno. To ekolo\u0161ko ekstra devi\u0161ko olj\u010dno olje, pridelano v strogo omejeni koli\u010dini, odlikuje drzen, skoraj aristokratski zna\u010daj. Sorta, ki v izvorni Italiji velja za posebnost, pri nas v Gori\u0161kih brdih dozori \u0161e bolje \u2013 edinstven terroir, ume\u0161\u010den med Alpami in Jadranom, ji podari globino, strukturo in izjemno osebnost. Ustvarjeno je za poznavalce, ki i\u0161\u010dejo olje z neomajno karakteristiko in izrazito aromati\u010dno kompleksnostjo. Pokapljajte ga po mesu z \u017eara, rustikalnih juhah ali toplih stro\u010dnicah in preprosta jed se preobrazi v do\u017eivetje. Drzno. Strukturirano. Neponovljivo.\" \/>\n<meta name=\"robots\" content=\"index, follow, max-snippet:-1, max-image-preview:large, max-video-preview:-1\" \/>\n<link rel=\"canonical\" href=\"https:\/\/www.villaeva-oliveoil.com\/sl\/shop\/grand-riserva\/\" \/>\n<meta property=\"og:locale\" content=\"sl_SI\" \/>\n<meta property=\"og:type\" content=\"article\" \/>\n<meta property=\"og:title\" content=\"Grand Riserva - Extra Virgin Organic Olive Oil\" \/>\n<meta property=\"og:description\" content=\"Na\u0161a\u00a0Grand Riserva\u00a0predstavlja vrhunski izraz redke italijanske sorte\u00a0Leccio del Corno. To ekolo\u0161ko ekstra devi\u0161ko olj\u010dno olje, pridelano v strogo omejeni koli\u010dini, odlikuje drzen, skoraj aristokratski zna\u010daj. Sorta, ki v izvorni Italiji velja za posebnost, pri nas v Gori\u0161kih brdih dozori \u0161e bolje \u2013 edinstven terroir, ume\u0161\u010den med Alpami in Jadranom, ji podari globino, strukturo in izjemno osebnost. Ustvarjeno je za poznavalce, ki i\u0161\u010dejo olje z neomajno karakteristiko in izrazito aromati\u010dno kompleksnostjo. Pokapljajte ga po mesu z \u017eara, rustikalnih juhah ali toplih stro\u010dnicah in preprosta jed se preobrazi v do\u017eivetje. Drzno. Strukturirano. Neponovljivo.\" \/>\n<meta property=\"og:url\" content=\"https:\/\/www.villaeva-oliveoil.com\/sl\/shop\/grand-riserva\/\" \/>\n<meta property=\"og:site_name\" content=\"Extra Virgin Organic Olive Oil\" \/>\n<meta property=\"article:modified_time\" content=\"2026-02-08T08:54:46+00:00\" \/>\n<meta property=\"og:image\" content=\"https:\/\/www.villaeva-oliveoil.com\/wp-content\/uploads\/2025\/12\/Villa_EVA_Organic_Extra_Virgin_Olive_Oil_Grand_Riserva-1.jpg\" \/>\n\t<meta property=\"og:image:width\" content=\"1200\" \/>\n\t<meta property=\"og:image:height\" content=\"1200\" \/>\n\t<meta property=\"og:image:type\" content=\"image\/jpeg\" \/>\n<meta name=\"twitter:card\" content=\"summary_large_image\" \/>\n<meta name=\"twitter:label1\" content=\"Est. reading time\" \/>\n\t<meta name=\"twitter:data1\" content=\"1 minuta\" \/>\n<script type=\"application\/ld+json\" class=\"yoast-schema-graph\">{\"@context\":\"https:\/\/schema.org\",\"@graph\":[{\"@type\":\"WebPage\",\"@id\":\"https:\/\/www.villaeva-oliveoil.com\/sl\/shop\/grand-riserva\/\",\"url\":\"https:\/\/www.villaeva-oliveoil.com\/sl\/shop\/grand-riserva\/\",\"name\":\"Grand Riserva - Extra Virgin Organic Olive Oil\",\"isPartOf\":{\"@id\":\"https:\/\/www.villaeva-oliveoil.com\/sl\/#website\"},\"primaryImageOfPage\":{\"@id\":\"https:\/\/www.villaeva-oliveoil.com\/sl\/shop\/grand-riserva\/#primaryimage\"},\"image\":{\"@id\":\"https:\/\/www.villaeva-oliveoil.com\/sl\/shop\/grand-riserva\/#primaryimage\"},\"thumbnailUrl\":\"https:\/\/www.villaeva-oliveoil.com\/wp-content\/uploads\/2025\/12\/Villa_EVA_Organic_Extra_Virgin_Olive_Oil_Grand_Riserva-1.jpg\",\"datePublished\":\"2026-01-30T12:23:56+00:00\",\"dateModified\":\"2026-02-08T08:54:46+00:00\",\"description\":\"Na\u0161a\u00a0Grand Riserva\u00a0predstavlja vrhunski izraz redke italijanske sorte\u00a0Leccio del Corno. To ekolo\u0161ko ekstra devi\u0161ko olj\u010dno olje, pridelano v strogo omejeni koli\u010dini, odlikuje drzen, skoraj aristokratski zna\u010daj. Sorta, ki v izvorni Italiji velja za posebnost, pri nas v Gori\u0161kih brdih dozori \u0161e bolje \u2013 edinstven terroir, ume\u0161\u010den med Alpami in Jadranom, ji podari globino, strukturo in izjemno osebnost. Ustvarjeno je za poznavalce, ki i\u0161\u010dejo olje z neomajno karakteristiko in izrazito aromati\u010dno kompleksnostjo. Pokapljajte ga po mesu z \u017eara, rustikalnih juhah ali toplih stro\u010dnicah in preprosta jed se preobrazi v do\u017eivetje. Drzno. Strukturirano. Neponovljivo.\",\"breadcrumb\":{\"@id\":\"https:\/\/www.villaeva-oliveoil.com\/sl\/shop\/grand-riserva\/#breadcrumb\"},\"inLanguage\":\"sl-SI\",\"potentialAction\":[{\"@type\":\"ReadAction\",\"target\":[\"https:\/\/www.villaeva-oliveoil.com\/sl\/shop\/grand-riserva\/\"]}]},{\"@type\":\"ImageObject\",\"inLanguage\":\"sl-SI\",\"@id\":\"https:\/\/www.villaeva-oliveoil.com\/sl\/shop\/grand-riserva\/#primaryimage\",\"url\":\"https:\/\/www.villaeva-oliveoil.com\/wp-content\/uploads\/2025\/12\/Villa_EVA_Organic_Extra_Virgin_Olive_Oil_Grand_Riserva-1.jpg\",\"contentUrl\":\"https:\/\/www.villaeva-oliveoil.com\/wp-content\/uploads\/2025\/12\/Villa_EVA_Organic_Extra_Virgin_Olive_Oil_Grand_Riserva-1.jpg\",\"width\":1200,\"height\":1200,\"caption\":\"best organic olive oil, extra virgin cold pressed, leccio del corno\"},{\"@type\":\"BreadcrumbList\",\"@id\":\"https:\/\/www.villaeva-oliveoil.com\/sl\/shop\/grand-riserva\/#breadcrumb\",\"itemListElement\":[{\"@type\":\"ListItem\",\"position\":1,\"name\":\"Home\",\"item\":\"https:\/\/www.villaeva-oliveoil.com\/sl\/\"},{\"@type\":\"ListItem\",\"position\":2,\"name\":\"Shop\",\"item\":\"https:\/\/www.villaeva-oliveoil.com\/shop\/\"},{\"@type\":\"ListItem\",\"position\":3,\"name\":\"Grand Riserva\"}]},{\"@type\":\"WebSite\",\"@id\":\"https:\/\/www.villaeva-oliveoil.com\/sl\/#website\",\"url\":\"https:\/\/www.villaeva-oliveoil.com\/sl\/\",\"name\":\"Extra Virgin Organic Olive Oil\",\"description\":\"We produce a high quality extra virgin organic olive oils.\",\"potentialAction\":[{\"@type\":\"SearchAction\",\"target\":{\"@type\":\"EntryPoint\",\"urlTemplate\":\"https:\/\/www.villaeva-oliveoil.com\/sl\/?s={search_term_string}\"},\"query-input\":{\"@type\":\"PropertyValueSpecification\",\"valueRequired\":true,\"valueName\":\"search_term_string\"}}],\"inLanguage\":\"sl-SI\"}]}<\/script>\n<!-- \/ Yoast SEO plugin. -->","yoast_head_json":{"title":"Grand Riserva - Extra Virgin Organic Olive Oil","description":"Na\u0161a\u00a0Grand Riserva\u00a0predstavlja vrhunski izraz redke italijanske sorte\u00a0Leccio del Corno. To ekolo\u0161ko ekstra devi\u0161ko olj\u010dno olje, pridelano v strogo omejeni koli\u010dini, odlikuje drzen, skoraj aristokratski zna\u010daj. Sorta, ki v izvorni Italiji velja za posebnost, pri nas v Gori\u0161kih brdih dozori \u0161e bolje \u2013 edinstven terroir, ume\u0161\u010den med Alpami in Jadranom, ji podari globino, strukturo in izjemno osebnost. Ustvarjeno je za poznavalce, ki i\u0161\u010dejo olje z neomajno karakteristiko in izrazito aromati\u010dno kompleksnostjo. Pokapljajte ga po mesu z \u017eara, rustikalnih juhah ali toplih stro\u010dnicah in preprosta jed se preobrazi v do\u017eivetje. Drzno. Strukturirano. Neponovljivo.","robots":{"index":"index","follow":"follow","max-snippet":"max-snippet:-1","max-image-preview":"max-image-preview:large","max-video-preview":"max-video-preview:-1"},"canonical":"https:\/\/www.villaeva-oliveoil.com\/sl\/shop\/grand-riserva\/","og_locale":"sl_SI","og_type":"article","og_title":"Grand Riserva - Extra Virgin Organic Olive Oil","og_description":"Na\u0161a\u00a0Grand Riserva\u00a0predstavlja vrhunski izraz redke italijanske sorte\u00a0Leccio del Corno. To ekolo\u0161ko ekstra devi\u0161ko olj\u010dno olje, pridelano v strogo omejeni koli\u010dini, odlikuje drzen, skoraj aristokratski zna\u010daj. Sorta, ki v izvorni Italiji velja za posebnost, pri nas v Gori\u0161kih brdih dozori \u0161e bolje \u2013 edinstven terroir, ume\u0161\u010den med Alpami in Jadranom, ji podari globino, strukturo in izjemno osebnost. Ustvarjeno je za poznavalce, ki i\u0161\u010dejo olje z neomajno karakteristiko in izrazito aromati\u010dno kompleksnostjo. Pokapljajte ga po mesu z \u017eara, rustikalnih juhah ali toplih stro\u010dnicah in preprosta jed se preobrazi v do\u017eivetje. Drzno. Strukturirano. Neponovljivo.","og_url":"https:\/\/www.villaeva-oliveoil.com\/sl\/shop\/grand-riserva\/","og_site_name":"Extra Virgin Organic Olive Oil","article_modified_time":"2026-02-08T08:54:46+00:00","og_image":[{"width":1200,"height":1200,"url":"https:\/\/www.villaeva-oliveoil.com\/wp-content\/uploads\/2025\/12\/Villa_EVA_Organic_Extra_Virgin_Olive_Oil_Grand_Riserva-1.jpg","type":"image\/jpeg"}],"twitter_card":"summary_large_image","twitter_misc":{"Est. reading time":"1 minuta"},"schema":{"@context":"https:\/\/schema.org","@graph":[{"@type":"WebPage","@id":"https:\/\/www.villaeva-oliveoil.com\/sl\/shop\/grand-riserva\/","url":"https:\/\/www.villaeva-oliveoil.com\/sl\/shop\/grand-riserva\/","name":"Grand Riserva - Extra Virgin Organic Olive Oil","isPartOf":{"@id":"https:\/\/www.villaeva-oliveoil.com\/sl\/#website"},"primaryImageOfPage":{"@id":"https:\/\/www.villaeva-oliveoil.com\/sl\/shop\/grand-riserva\/#primaryimage"},"image":{"@id":"https:\/\/www.villaeva-oliveoil.com\/sl\/shop\/grand-riserva\/#primaryimage"},"thumbnailUrl":"https:\/\/www.villaeva-oliveoil.com\/wp-content\/uploads\/2025\/12\/Villa_EVA_Organic_Extra_Virgin_Olive_Oil_Grand_Riserva-1.jpg","datePublished":"2026-01-30T12:23:56+00:00","dateModified":"2026-02-08T08:54:46+00:00","description":"Na\u0161a\u00a0Grand Riserva\u00a0predstavlja vrhunski izraz redke italijanske sorte\u00a0Leccio del Corno. To ekolo\u0161ko ekstra devi\u0161ko olj\u010dno olje, pridelano v strogo omejeni koli\u010dini, odlikuje drzen, skoraj aristokratski zna\u010daj. Sorta, ki v izvorni Italiji velja za posebnost, pri nas v Gori\u0161kih brdih dozori \u0161e bolje \u2013 edinstven terroir, ume\u0161\u010den med Alpami in Jadranom, ji podari globino, strukturo in izjemno osebnost. Ustvarjeno je za poznavalce, ki i\u0161\u010dejo olje z neomajno karakteristiko in izrazito aromati\u010dno kompleksnostjo. Pokapljajte ga po mesu z \u017eara, rustikalnih juhah ali toplih stro\u010dnicah in preprosta jed se preobrazi v do\u017eivetje. Drzno. Strukturirano. Neponovljivo.","breadcrumb":{"@id":"https:\/\/www.villaeva-oliveoil.com\/sl\/shop\/grand-riserva\/#breadcrumb"},"inLanguage":"sl-SI","potentialAction":[{"@type":"ReadAction","target":["https:\/\/www.villaeva-oliveoil.com\/sl\/shop\/grand-riserva\/"]}]},{"@type":"ImageObject","inLanguage":"sl-SI","@id":"https:\/\/www.villaeva-oliveoil.com\/sl\/shop\/grand-riserva\/#primaryimage","url":"https:\/\/www.villaeva-oliveoil.com\/wp-content\/uploads\/2025\/12\/Villa_EVA_Organic_Extra_Virgin_Olive_Oil_Grand_Riserva-1.jpg","contentUrl":"https:\/\/www.villaeva-oliveoil.com\/wp-content\/uploads\/2025\/12\/Villa_EVA_Organic_Extra_Virgin_Olive_Oil_Grand_Riserva-1.jpg","width":1200,"height":1200,"caption":"best organic olive oil, extra virgin cold pressed, leccio del corno"},{"@type":"BreadcrumbList","@id":"https:\/\/www.villaeva-oliveoil.com\/sl\/shop\/grand-riserva\/#breadcrumb","itemListElement":[{"@type":"ListItem","position":1,"name":"Home","item":"https:\/\/www.villaeva-oliveoil.com\/sl\/"},{"@type":"ListItem","position":2,"name":"Shop","item":"https:\/\/www.villaeva-oliveoil.com\/shop\/"},{"@type":"ListItem","position":3,"name":"Grand Riserva"}]},{"@type":"WebSite","@id":"https:\/\/www.villaeva-oliveoil.com\/sl\/#website","url":"https:\/\/www.villaeva-oliveoil.com\/sl\/","name":"Extra Virgin Organic Olive Oil","description":"We produce a high quality extra virgin organic olive oils.","potentialAction":[{"@type":"SearchAction","target":{"@type":"EntryPoint","urlTemplate":"https:\/\/www.villaeva-oliveoil.com\/sl\/?s={search_term_string}"},"query-input":{"@type":"PropertyValueSpecification","valueRequired":true,"valueName":"search_term_string"}}],"inLanguage":"sl-SI"}]}},"_links":{"self":[{"href":"https:\/\/www.villaeva-oliveoil.com\/sl\/wp-json\/wp\/v2\/product\/3886","targetHints":{"allow":["GET"]}}],"collection":[{"href":"https:\/\/www.villaeva-oliveoil.com\/sl\/wp-json\/wp\/v2\/product"}],"about":[{"href":"https:\/\/www.villaeva-oliveoil.com\/sl\/wp-json\/wp\/v2\/types\/product"}],"wp:featuredmedia":[{"embeddable":true,"href":"https:\/\/www.villaeva-oliveoil.com\/sl\/wp-json\/wp\/v2\/media\/3741"}],"wp:attachment":[{"href":"https:\/\/www.villaeva-oliveoil.com\/sl\/wp-json\/wp\/v2\/media?parent=3886"}],"wp:term":[{"taxonomy":"product_brand","embeddable":true,"href":"https:\/\/www.villaeva-oliveoil.com\/sl\/wp-json\/wp\/v2\/product_brand?post=3886"},{"taxonomy":"product_cat","embeddable":true,"href":"https:\/\/www.villaeva-oliveoil.com\/sl\/wp-json\/wp\/v2\/product_cat?post=3886"},{"taxonomy":"product_tag","embeddable":true,"href":"https:\/\/www.villaeva-oliveoil.com\/sl\/wp-json\/wp\/v2\/product_tag?post=3886"}],"curies":[{"name":"wp","href":"https:\/\/api.w.org\/{rel}","templated":true}]}}